{"id":63,"date":"2015-04-05T14:31:59","date_gmt":"2015-04-05T14:31:59","guid":{"rendered":"http:\/\/easydive.fr\/Blog\/?page_id=63"},"modified":"2021-04-28T08:30:54","modified_gmt":"2021-04-28T07:30:54","slug":"equipe","status":"publish","type":"page","link":"https:\/\/easydive.fr\/?page_id=63","title":{"rendered":"EQUIPE"},"content":{"rendered":"<p style=\"color: #808080;\">L&#8217;encadrement des plong\u00e9es est assur\u00e9 par des moniteurs titulaires d&#8217;un Brevet d&#8217;Etat. La pratique et l&#8217;enseignement de la plong\u00e9e sous-marine sont leur m\u00e9tier, votre s\u00e9curit\u00e9 et votre satisfaction est leur pr\u00e9occupation permanente.<\/p>\n<p style=\"color: #808080;\">L&#8217;\u00e9quipe d&#8217;Easy Dive est ainsi constitu\u00e9e de 3 moniteurs permanents, renforc\u00e9s par des moniteurs saisonniers de mai \u00e0 octobre. Un des nos points forts r\u00e9side dans la stabilit\u00e9 de notre \u00e9quipe : vous retrouverez donc certainement l&#8217;ann\u00e9e prochaine les moniteurs que vous avez appr\u00e9ci\u00e9 cette ann\u00e9e!<\/p>\n<p style=\"color: #808080;\">[team_manager category=&#8217;0&#8242; orderby=&#8217;menu_order&#8217; limit=&#8217;0&#8242; post__in=&#8221; exclude=&#8221; layout=&#8217;grid&#8217; image_layout=&#8217;rounded&#8217; image_size=&#8217;thumbnail&#8217;]<\/p>\n","protected":false},"excerpt":{"rendered":"<p>L&#8217;encadrement des plong\u00e9es est assur\u00e9 par des moniteurs titulaires d&#8217;un Brevet d&#8217;Etat. La pratique et l&#8217;enseignement de la plong\u00e9e sous-marine sont leur m\u00e9tier, votre s\u00e9curit\u00e9 et votre satisfaction est leur pr\u00e9occupation permanente. L&#8217;\u00e9quipe d&#8217;Easy Dive est ainsi constitu\u00e9e de 3 moniteurs permanents, renforc\u00e9s par des moniteurs saisonniers de mai \u00e0 octobre. Un des nos points [&hellip;]<\/p>\n","protected":false},"author":1,"featured_media":0,"parent":0,"menu_order":0,"comment_status":"closed","ping_status":"open","template":"","meta":{"footnotes":""},"class_list":["post-63","page","type-page","status-publish","hentry"],"_links":{"self":[{"href":"https:\/\/easydive.fr\/index.php?rest_route=\/wp\/v2\/pages\/63","targetHints":{"allow":["GET"]}}],"collection":[{"href":"https:\/\/easydive.fr\/index.php?rest_route=\/wp\/v2\/pages"}],"about":[{"href":"https:\/\/easydive.fr\/index.php?rest_route=\/wp\/v2\/types\/page"}],"author":[{"embeddable":true,"href":"https:\/\/easydive.fr\/index.php?rest_route=\/wp\/v2\/users\/1"}],"replies":[{"embeddable":true,"href":"https:\/\/easydive.fr\/index.php?rest_route=%2Fwp%2Fv2%2Fcomments&post=63"}],"version-history":[{"count":25,"href":"https:\/\/easydive.fr\/index.php?rest_route=\/wp\/v2\/pages\/63\/revisions"}],"predecessor-version":[{"id":1548,"href":"https:\/\/easydive.fr\/index.php?rest_route=\/wp\/v2\/pages\/63\/revisions\/1548"}],"wp:attachment":[{"href":"https:\/\/easydive.fr\/index.php?rest_route=%2Fwp%2Fv2%2Fmedia&parent=63"}],"curies":[{"name":"wp","href":"https:\/\/api.w.org\/{rel}","templated":true}]}}