{"id":358,"date":"2015-04-07T12:04:06","date_gmt":"2015-04-07T11:04:06","guid":{"rendered":"http:\/\/easydive.fr\/Blog\/?page_id=358"},"modified":"2015-04-10T21:55:52","modified_gmt":"2015-04-10T20:55:52","slug":"bp-de","status":"publish","type":"page","link":"https:\/\/easydive.fr\/?page_id=358","title":{"rendered":"BP &#038; DE"},"content":{"rendered":"<p><span style=\"color: #808080;\">Les nouvelles formations d&#8217;Etat sont des formations dites en alternance. Les structures de Juan les Pins et de Cannes sont agr\u00e9\u00e9es par le CREPS d&#8217;Antibes et le centre f\u00e9d\u00e9ral d&#8217;Hendaye pour la formation en alternance.<\/span><\/p>\n<p><span style=\"color: #808080;\">Trois de nos formateurs sont habilit\u00e9s \u00e0 \u00eatre tuteur de stage lors des p\u00e9riodes d&#8217;alternance.<\/span><\/p>\n<p><span style=\"color: #808080;\">Easy Dive accueille chaque ann\u00e9e les stagiaires d&#8217;\u00e9tat pour les pr\u00e9parer au m\u00e9tier de moniteur de plong\u00e9e.<\/span><\/p>\n<hr \/>\n<h3 dir=\"ltr\" style=\"text-align: center;\"><span style=\"color: #808080;\">\u00a0<\/span><\/h3>\n<h4 style=\"text-align: center;\"><span style=\"color: #808080;\">LE BREVET\u00a0PROFESSIONNEL (BPJEPS)<\/span><\/h4>\n<p align=\"LEFT\"><span style=\"color: #808080;\">Le contenu de la formation concerne les unit\u00e9s capitalisables 1, 7 et 10 (les autres unit\u00e9s capitalisables \u00e9tant acquises par \u00e9quivalence du MF1\u00b0).<\/span><\/p>\n<p align=\"LEFT\"><span style=\"color: #808080;\">Sous l\u2019autorit\u00e9 d\u2019un moniteur de niveau sup\u00e9rieur aupr\u00e8s duquel il travaille :<\/span><\/p>\n<ul>\n<li>\n<p align=\"LEFT\"><span style=\"color: #808080;\">le titulaire du BPJEPS plong\u00e9e subaquatique initie, encadre, accompagne, assure la s\u00e9curit\u00e9 et contribue \u00e0 la formation des plongeurs en scaphandre \u00e0 l\u2019air ou au nitrox dans l\u2019espace de 0 \u00e0 6 m\u00e8tres de profondeur. Il initie les plongeurs et r\u00e9alise des \u00abbapt\u00eames \u00bb ;<\/span><\/p>\n<\/li>\n<li>\n<p align=\"LEFT\"><span style=\"color: #808080;\">il encadre les plongeurs et les accompagne en exploration en tant que \u00ab guide de palanqu\u00e9e \u00bb, dans l\u2019espace de 0 \u00e0 40 m\u00e8tres.Pour ce qui est de la randonn\u00e9e subaquatique, il peut travailler en compl\u00e8te autonomie ;<\/span><\/p>\n<\/li>\n<li>\n<p align=\"LEFT\"><span style=\"color: #808080;\">il organise l\u2019activit\u00e9 sur le site de pratique et l\u2019adapte aux sp\u00e9cificit\u00e9s et attentes des publics ainsi qu\u2019aux contraintes environnementales. Il initie, encadre, accompagne et forme les randonneurs subaquatiques en toute situation.<\/span><\/p>\n<\/li>\n<\/ul>\n<p align=\"LEFT\"><span style=\"color: #808080;\">T\u00e9l\u00e9charger l&#8217;arr\u00eat\u00e9 du 6 juillet 2011 relatif \u00e0 la cr\u00e9ation du BPJEPS :\u00a0<a href=\"http:\/\/easydive.fr\/Blog\/wp-content\/uploads\/2015\/04\/Arrete_6_juillet_-2011_BP.pdf\" target=\"_blank\">Arr\u00eat\u00e9 6 juillet 2011 BP<br \/>\n<\/a>T\u00e9l\u00e9charger l&#8217;arr\u00eat\u00e9 du 30 juillet 2012 modificatif l&#8217;arr\u00eat\u00e9 du 6 juillet 2011 :\u00a0<\/span><a href=\"http:\/\/easydive.fr\/Blog\/wp-content\/uploads\/2015\/04\/Arrete_30_juillet_2012_BP_modificatif.pdf\" target=\"_blank\">Arr\u00eat\u00e9 30 juillet 2012 BP<\/a><br \/>\n<span style=\"color: #808080;\"> T\u00e9l\u00e9charger le livret r\u00e9f\u00e9rentiel du BPJEPS :\u00a0<a href=\"http:\/\/easydive.fr\/Blog\/wp-content\/uploads\/2015\/04\/Livret_referentiel_-BPJEPS_plongee.pdf\" target=\"_blank\">Livret r\u00e9f\u00e9rentiel BPJEPS plong\u00e9e<\/a><\/span><\/p>\n<hr \/>\n<h3 dir=\"ltr\" style=\"text-align: center;\"><span style=\"color: #808080;\">\u00a0<\/span><\/h3>\n<h4 style=\"text-align: center;\"><span style=\"color: #808080;\">LE DIPLOME D&#8217;ETAT (DEJEPS)<\/span><\/h4>\n<p align=\"LEFT\"><span style=\"color: #808080;\">Le titulaire du DEJEPS plong\u00e9e subaquatique assure les fonctions de directeur de plong\u00e9e, d&#8217;encadrant jusqu&#8217;\u00e0 60 m\u00e8tres (Air et Nitrox) ou encore de tuteur.<\/span><\/p>\n<p align=\"LEFT\"><span style=\"color: #808080;\">La possession de ce dipl\u00f4me atteste dans le domaine de la plong\u00e9e en scaphandre \u00e0 l&#8217;air et au Nitrox en milieu naturel et artificiel et de la randonn\u00e9e subaquatique les comp\u00e9tences suivantes :<\/span><\/p>\n<ul>\n<li>\n<p align=\"LEFT\"><span style=\"color: #808080;\">concevoir des programmes d&#8217;organisation, d&#8217;animation, d&#8217;initiation et de perfectionnement en plong\u00e9e subaquatique ;<\/span><\/p>\n<\/li>\n<li>\n<p align=\"LEFT\"><span style=\"color: #808080;\">coordonner la mise en \u0153uvre de projets d&#8217;organisation, d&#8217;animation, d&#8217;initiation, de perfectionnement et de d\u00e9veloppement de la plong\u00e9e subaquatique ;<\/span><\/p>\n<\/li>\n<li>\n<p align=\"LEFT\"><span style=\"color: #808080;\">assurer la direction technique des activit\u00e9s sur le site de plong\u00e9e subaquatique ;<\/span><\/p>\n<\/li>\n<li>\n<p align=\"LEFT\"><span style=\"color: #808080;\">conduire l&#8217;animation, l&#8217;initiation, le perfectionnement en plong\u00e9e subaquatique ;<\/span><\/p>\n<\/li>\n<li>\n<p align=\"LEFT\"><span style=\"color: #808080;\">assurer en situation directe le tutorat des stagiaires jusqu&#8217;au niveau III de la formation professionnelle en plong\u00e9e subaquatique ;<\/span><\/p>\n<\/li>\n<li>\n<p align=\"LEFT\"><span style=\"color: #808080;\">g\u00e9rer les fonctions logistiques li\u00e9es \u00e0 une structure de plong\u00e9e subaquatique.<\/span><\/p>\n<\/li>\n<\/ul>\n<p align=\"LEFT\"><span style=\"color: #808080;\">T\u00e9l\u00e9charger l&#8217;arr\u00eat\u00e9 du 6 juillet 2011 relatif \u00e0 la cr\u00e9ation du DEJEPS :\u00a0<a href=\"http:\/\/easydive.fr\/Blog\/wp-content\/uploads\/2015\/04\/Arrete_6_juillet_2011_DE.pdf\" target=\"_blank\">Arr\u00eat\u00e9 6 juillet 2011 DE<br \/>\n<\/a>T\u00e9l\u00e9charger l&#8217;arr\u00eat\u00e9 du 30 juillet 2012 modificatif l&#8217;arr\u00eat\u00e9 du\u00a06 juillet 2011 :\u00a0<a href=\"http:\/\/easydive.fr\/Blog\/wp-content\/uploads\/2015\/04\/Arrete_30_juillet_2012_DE_modificatif.pdf\" target=\"_blank\">Arr\u00eat\u00e9 30 juillet 2012 DE<br \/>\n<\/a>T\u00e9l\u00e9charger le livret r\u00e9f\u00e9rentiel du DEJEPS :\u00a0<\/span><a href=\"http:\/\/easydive.fr\/Blog\/wp-content\/uploads\/2015\/04\/Livret_referentiel_-DEJEPS_plongee.pdf\" target=\"_blank\">Livret r\u00e9f\u00e9rentiel DEJEPS plong\u00e9e<\/a><\/p>\n<hr \/>\n<h3 dir=\"ltr\" style=\"text-align: center;\"><span style=\"color: #808080;\">\u00a0<\/span><\/h3>\n<h4 style=\"text-align: center;\"><span style=\"color: #808080;\">LE DIPLOME D&#8217;ETAT SUPERIEUR (DESJEPS)<\/span><\/h4>\n<p align=\"LEFT\"><span style=\"color: #808080;\">Le Dipl\u00f4me d\u2019Etat sup\u00e9rieur de la Jeunesse, de l\u2019\u00c9ducation Populaire et du Sport (DESJEPS) est un dipl\u00f4me d\u2019\u00c9tat de niveau II d\u00e9livr\u00e9 par le directeur r\u00e9gional de la jeunesse et des sports.<\/span><\/p>\n<p align=\"LEFT\"><span style=\"color: #808080;\">Ce dipl\u00f4me atteste de l\u2019acquisition d\u2019une qualification dans l\u2019exercice d\u2019une activit\u00e9 professionnelle d\u2019expertise technique et de direction \u00e0 finalit\u00e9 \u00e9ducative dans les domaines d\u2019activit\u00e9s physiques, sportives, socio-\u00e9ducatives ou culturelles.<\/span><\/p>\n<p align=\"LEFT\"><span style=\"color: #808080;\">Le titulaire du DESJEPS plong\u00e9e subaquatique assure les fonctions de directeur technique, de directeur de plong\u00e9e, de gestionnaire de structure, d\u2019encadrant jusqu\u2019\u00e0 60 m\u00e8tres (Air et Nitrox). En outre il r\u00e9alise des expertises techniques, p\u00e9dagogiques et environnementales ; il organise et coordonne des actions de formation de formateurs.<\/span><\/p>\n<p><span style=\"color: #808080;\">Le BEES1 + MF2 + Moniteur Nitrox obtient de DE en \u00e9quivalence.<\/span><\/p>\n<p align=\"LEFT\"><span style=\"color: #808080;\">T\u00e9l\u00e9charger l&#8217;arr\u00eat\u00e9 du 6 juillet 2011 relatif \u00e0 la cr\u00e9ation du DES :\u00a0<a href=\"http:\/\/easydive.fr\/Blog\/wp-content\/uploads\/2015\/04\/Arrete_6_juillet_2011_DES.pdf\" target=\"_blank\">Arr\u00eat\u00e9 6 juillet 2011 DES<br \/>\n<\/a>T\u00e9l\u00e9charger l&#8217;arr\u00eat\u00e9 du 30 juillet 2012 modificatif l&#8217;arr\u00eat\u00e9 du\u00a06 juillet 2011 :\u00a0<a href=\"http:\/\/easydive.fr\/Blog\/wp-content\/uploads\/2015\/04\/Arrete_30_juillet_2012_DES_modificatif.pdf\" target=\"_blank\">Arr\u00eat\u00e9 30 juillet 2012 DES<\/a><a href=\"http:\/\/easydive.fr\/Blog\/wp-content\/uploads\/2015\/04\/Arrete_6_juillet_2011_DES.pdf\"><br \/>\n<\/a><\/span><\/p>\n<h3 dir=\"ltr\" style=\"text-align: left;\"><\/h3>\n<p align=\"LEFT\"><span style=\"color: #333333;\">\u00a0<\/span><\/p>\n","protected":false},"excerpt":{"rendered":"<p>Les nouvelles formations d&#8217;Etat sont des formations dites en alternance. Les structures de Juan les Pins et de Cannes sont agr\u00e9\u00e9es par le CREPS d&#8217;Antibes et le centre f\u00e9d\u00e9ral d&#8217;Hendaye pour la formation en alternance. Trois de nos formateurs sont habilit\u00e9s \u00e0 \u00eatre tuteur de stage lors des p\u00e9riodes d&#8217;alternance. Easy Dive accueille chaque ann\u00e9e [&hellip;]<\/p>\n","protected":false},"author":1,"featured_media":0,"parent":0,"menu_order":0,"comment_status":"closed","ping_status":"closed","template":"","meta":{"footnotes":""},"class_list":["post-358","page","type-page","status-publish","hentry"],"_links":{"self":[{"href":"https:\/\/easydive.fr\/index.php?rest_route=\/wp\/v2\/pages\/358","targetHints":{"allow":["GET"]}}],"collection":[{"href":"https:\/\/easydive.fr\/index.php?rest_route=\/wp\/v2\/pages"}],"about":[{"href":"https:\/\/easydive.fr\/index.php?rest_route=\/wp\/v2\/types\/page"}],"author":[{"embeddable":true,"href":"https:\/\/easydive.fr\/index.php?rest_route=\/wp\/v2\/users\/1"}],"replies":[{"embeddable":true,"href":"https:\/\/easydive.fr\/index.php?rest_route=%2Fwp%2Fv2%2Fcomments&post=358"}],"version-history":[{"count":19,"href":"https:\/\/easydive.fr\/index.php?rest_route=\/wp\/v2\/pages\/358\/revisions"}],"predecessor-version":[{"id":843,"href":"https:\/\/easydive.fr\/index.php?rest_route=\/wp\/v2\/pages\/358\/revisions\/843"}],"wp:attachment":[{"href":"https:\/\/easydive.fr\/index.php?rest_route=%2Fwp%2Fv2%2Fmedia&parent=358"}],"curies":[{"name":"wp","href":"https:\/\/api.w.org\/{rel}","templated":true}]}}