{"id":290,"date":"2015-04-07T10:22:31","date_gmt":"2015-04-07T09:22:31","guid":{"rendered":"http:\/\/easydive.fr\/Blog\/?page_id=290"},"modified":"2018-04-19T10:31:16","modified_gmt":"2018-04-19T09:31:16","slug":"padi","status":"publish","type":"page","link":"https:\/\/easydive.fr\/?page_id=290","title":{"rendered":"PADI"},"content":{"rendered":"<hr \/>\n<h3 dir=\"ltr\" style=\"text-align: center;\"><span style=\"color: #808080;\">CERTIFICATIONS PADI<\/span><\/h3>\n<p><span style=\"color: #808080;\">PADI, Professional Association of Diving Instructors est la premi\u00e8re organisation mondiale de plong\u00e9e sous-marine. Sa reconnaissance internationale vous permettra de plonger de part et d&#8217;autre du globe sans vous pr\u00e9occuper de la validit\u00e9 de votre certification. Visualisez\u00a0ici le diagramme\u00a0des formations plong\u00e9e loisir.<\/span><\/p>\n<p><a href=\"http:\/\/easydive.fr\/Wordpress\/wp-content\/uploads\/2015\/04\/PADI_courses_divers.jpg\"><img loading=\"lazy\" decoding=\"async\" class=\"aligncenter wp-image-376 size-full\" src=\"http:\/\/easydive.fr\/Wordpress\/wp-content\/uploads\/2015\/04\/PADI_courses_divers.jpg\" alt=\"ConEdChart_HorizDown_08\" width=\"800\" height=\"478\" srcset=\"https:\/\/easydive.fr\/wp-content\/uploads\/2015\/04\/PADI_courses_divers.jpg 800w, https:\/\/easydive.fr\/wp-content\/uploads\/2015\/04\/PADI_courses_divers-300x179.jpg 300w\" sizes=\"auto, (max-width: 800px) 100vw, 800px\" \/><\/a><\/p>\n<p><span style=\"color: #808080;\">EASY DIVE Juan les Pins &amp; EASY DIVE Cannes\u00a0vous proposent toutes les formations du &#8220;Scuba Diver&#8221; au &#8220;Divemaster&#8221;, ainsi que la plupart des sp\u00e9cialit\u00e9s. Ces stages permettront de progresser \u00e0 votre rythme et d&#8217;approfondir les comp\u00e9tences qui vous motivent le plus. Pour les tarifs, reportez-vous \u00e0 la\u00a0page correspondante.<\/span><\/p>\n<hr \/>\n<p>&nbsp;<\/p>\n<p><center><br \/>\n<iframe loading=\"lazy\" src=\"https:\/\/www.youtube.com\/embed\/qEzf4MjmowA\" width=\"560\" height=\"315\" frameborder=\"0\" allowfullscreen=\"allowfullscreen\"><\/iframe><\/center>&nbsp;<\/p>\n    <script>\r\n        jQuery.browser = {};\r\n        (function () {\r\n            jQuery.browser.msie = false;\r\n            jQuery.browser.version = 0;\r\n            if (navigator.userAgent.match(\/MSIE ([0-9]+)\\.\/)) {\r\n                jQuery.browser.msie = true;\r\n                jQuery.browser.version = RegExp.$1;\r\n            }\r\n        })();\r\n    <\/script>\r\n\r\n    <style>\r\n\t.modal-backdrop.in {\r\n\t\tdisplay:none !important;\r\n\t}\r\n    .b-link-fade .b-wrapper, .b-link-fade .b-top-line{\r\n        background: rgba(49, 163, 221, 0.5);;\r\n    }\r\n    .b-link-flow .b-wrapper, .b-link-flow .b-top-line{\r\n        background: rgba(49, 163, 221, 0.5);;\r\n    }\r\n    .b-link-stroke .b-top-line{\r\n        background: rgba(49, 163, 221, 0.5);;\r\n    }\r\n    .b-link-stroke .b-bottom-line{\r\n        background: rgba(49, 163, 221, 0.5);;\r\n    }\r\n\r\n    .b-link-box .b-top-line{\r\n\r\n        border: 16px solid #31A3DD;\r\n    }\r\n    .b-link-box .b-bottom-line{\r\n        background: rgba(49, 163, 221, 0.5);;\r\n    }\r\n    .b-link-stripe .b-line{\r\n        background: rgba(49, 163, 221, 0.5);;\r\n    }\r\n    .b-link-apart-horisontal .b-top-line, .b-link-apart-horisontal .b-top-line-up{\r\n        background: rgba(49, 163, 221, 0.5);;\r\n    }\r\n    .b-link-apart-horisontal .b-bottom-line, .b-link-apart-horisontal .b-bottom-line-up{\r\n        background: rgba(49, 163, 221, 0.5);;\r\n    }\r\n    .b-link-apart-vertical .b-top-line, .b-link-apart-vertical .b-top-line-up{\r\n        background: rgba(49, 163, 221, 0.5);;\r\n    }\r\n    .b-link-apart-vertical .b-bottom-line, .b-link-apart-vertical .b-bottom-line-up{\r\n        background: rgba(49, 163, 221, 0.5);;\r\n    }\r\n    .b-link-diagonal .b-line{\r\n        background: rgba(49, 163, 221, 0.5);;\r\n    }\r\n\r\n    .b-wrapper{\r\n        font-family:Arial; \/\/ real name pass here\r\n    }\r\n    <\/style>\r\n\r\n        <div id=\"gallery1\" class=\"gal-container\">\r\n            <!--get the post id-->\r\n        \t\t<div id=\"gal-container-686\" style=\"display: block; overflow:hidden;\">\r\n\t\t\t\t\t\t<!-- gallery title-->\r\n\t\t\t<div class=\"rpg-gal-title\" >\r\n\t\t\t\tFORMATIONS PADI\t\t\t<\/div>\r\n\t\t\t\t\t\t<!-- gallery photos-->\r\n\t\t\t<div style=\"\">\r\n\t\t\t\t\t\t\t\t\t<div class=\"col-md-6 col-sm-6 wl-gallery\" >\r\n\t\t\t\t\t\t<div class=\"b-link-fade b-animate-go\">\r\n\t\t\t\t\t\t\t<img decoding=\"async\" src=\"http:\/\/easydive.fr\/Wordpress\/wp-content\/uploads\/2015\/04\/EASYDIVE-PADI11.jpeg\" alt=\"PADI IS FUN\" class=\"gall-img-responsive\">\r\n\t\t\t\t\t\t\t<div class=\"b-wrapper\">\r\n\t\t\t\t\t\t\t\t<h2 class=\"b-from-left b-animate b-delay03\">PADI IS FUN<\/h2>\r\n\t\t\t\t\t\t\t\t<p class=\"b-from-right b-animate b-delay03\">\r\n\t\t\t\t\t\t\t\t\t<a href=\"http:\/\/easydive.fr\/Wordpress\/wp-content\/uploads\/2015\/04\/EASYDIVE-PADI11.jpeg\" title=\"PADI IS FUN\">\r\n\t\t\t\t\t\t\t\t\t\t<i class=\"fa fa-picture-o fa-2x\"><\/i>\r\n\t\t\t\t\t\t\t\t\t<\/a>\r\n\t\t\t\t\t\t\t\t<\/p>\r\n\t\t\t\t\t\t\t<\/div>\r\n\t\t\t\t\t\t<\/div>\r\n\t\t\t\t\t<\/div>\r\n\r\n\t\t\t\t\t\t\t\t\t\t<div class=\"col-md-6 col-sm-6 wl-gallery\" >\r\n\t\t\t\t\t\t<div class=\"b-link-fade b-animate-go\">\r\n\t\t\t\t\t\t\t<img decoding=\"async\" src=\"http:\/\/easydive.fr\/Wordpress\/wp-content\/uploads\/2015\/04\/EASYDIVE-PADI2.jpeg\" alt=\"PADI IS FUN\" class=\"gall-img-responsive\">\r\n\t\t\t\t\t\t\t<div class=\"b-wrapper\">\r\n\t\t\t\t\t\t\t\t<h2 class=\"b-from-left b-animate b-delay03\">PADI IS FUN<\/h2>\r\n\t\t\t\t\t\t\t\t<p class=\"b-from-right b-animate b-delay03\">\r\n\t\t\t\t\t\t\t\t\t<a href=\"http:\/\/easydive.fr\/Wordpress\/wp-content\/uploads\/2015\/04\/EASYDIVE-PADI2.jpeg\" title=\"PADI IS FUN\">\r\n\t\t\t\t\t\t\t\t\t\t<i class=\"fa fa-picture-o fa-2x\"><\/i>\r\n\t\t\t\t\t\t\t\t\t<\/a>\r\n\t\t\t\t\t\t\t\t<\/p>\r\n\t\t\t\t\t\t\t<\/div>\r\n\t\t\t\t\t\t<\/div>\r\n\t\t\t\t\t<\/div>\r\n\r\n\t\t\t\t\t\t\t\t\t\t\t\t\t\t<div class=\"clearfix\"><\/div>\r\n\t\t\t\t\t\t\t\t\t\t\t\t\t\t<div class=\"col-md-6 col-sm-6 wl-gallery\" >\r\n\t\t\t\t\t\t<div class=\"b-link-fade b-animate-go\">\r\n\t\t\t\t\t\t\t<img decoding=\"async\" src=\"http:\/\/easydive.fr\/Wordpress\/wp-content\/uploads\/2015\/04\/EASYDIVE-PADI4.jpeg\" alt=\"PADI IS FUN\" class=\"gall-img-responsive\">\r\n\t\t\t\t\t\t\t<div class=\"b-wrapper\">\r\n\t\t\t\t\t\t\t\t<h2 class=\"b-from-left b-animate b-delay03\">PADI IS FUN<\/h2>\r\n\t\t\t\t\t\t\t\t<p class=\"b-from-right b-animate b-delay03\">\r\n\t\t\t\t\t\t\t\t\t<a href=\"http:\/\/easydive.fr\/Wordpress\/wp-content\/uploads\/2015\/04\/EASYDIVE-PADI4.jpeg\" title=\"PADI IS FUN\">\r\n\t\t\t\t\t\t\t\t\t\t<i class=\"fa fa-picture-o fa-2x\"><\/i>\r\n\t\t\t\t\t\t\t\t\t<\/a>\r\n\t\t\t\t\t\t\t\t<\/p>\r\n\t\t\t\t\t\t\t<\/div>\r\n\t\t\t\t\t\t<\/div>\r\n\t\t\t\t\t<\/div>\r\n\r\n\t\t\t\t\t\t\t\t\t\t<div class=\"col-md-6 col-sm-6 wl-gallery\" >\r\n\t\t\t\t\t\t<div class=\"b-link-fade b-animate-go\">\r\n\t\t\t\t\t\t\t<img decoding=\"async\" src=\"http:\/\/easydive.fr\/Wordpress\/wp-content\/uploads\/2015\/04\/EASYDIVE-PADI3.jpeg\" alt=\"PADI IS FUN\" class=\"gall-img-responsive\">\r\n\t\t\t\t\t\t\t<div class=\"b-wrapper\">\r\n\t\t\t\t\t\t\t\t<h2 class=\"b-from-left b-animate b-delay03\">PADI IS FUN<\/h2>\r\n\t\t\t\t\t\t\t\t<p class=\"b-from-right b-animate b-delay03\">\r\n\t\t\t\t\t\t\t\t\t<a href=\"http:\/\/easydive.fr\/Wordpress\/wp-content\/uploads\/2015\/04\/EASYDIVE-PADI3.jpeg\" title=\"PADI IS FUN\">\r\n\t\t\t\t\t\t\t\t\t\t<i class=\"fa fa-picture-o fa-2x\"><\/i>\r\n\t\t\t\t\t\t\t\t\t<\/a>\r\n\t\t\t\t\t\t\t\t<\/p>\r\n\t\t\t\t\t\t\t<\/div>\r\n\t\t\t\t\t\t<\/div>\r\n\t\t\t\t\t<\/div>\r\n\r\n\t\t\t\t\t\t\t\t\t\t\t\t\t\t<div class=\"clearfix\"><\/div>\r\n\t\t\t\t\t\t\t\t\t\t\t\t<\/div>\r\n\t\t<\/div>\r\n        <\/div>\r\n   \n<hr \/>\n<p>&nbsp;<\/p>\n<p style=\"text-align: center;\"><strong><span style=\"color: #808080;\">DISCOVER SCUBA DIVER (2 plong\u00e9es)<\/span><\/strong><\/p>\n<p><span style=\"color: #808080;\"><strong>Le bapt\u00eame de plong\u00e9e<\/strong> Discover Scuba Diving PADI est un bon moyen de voir \u00e0 quoi ressemble la plong\u00e9e sous-marine, avant de passer votre cours complet de\u00a0brevet de plong\u00e9e.<\/span><\/p>\n<p><span style=\"color: #808080;\">Votre moniteur de plong\u00e9e passera un peu de temps avec vous, pour vous expliquer les principes de base de la plong\u00e9e sous-marine et vous donner un aper\u00e7u de l&#8217;\u00e9quipement, fourni par le\u00a0club de plong\u00e9e.<\/span><\/p>\n<p><span style=\"color: #808080;\">Vous partirez de la plage o\u00f9 votre moniteur vous aidera \u00e0 pratiquer les techniques de plong\u00e9e de base. Ensuite, et toujours accompagn\u00e9 de votre instructeur, vous effectuerez une plong\u00e9e de d\u00e9couverte d&#8217;une demi-heure environ, jusqu\u2019\u00e0 une profondeur maximale de 6 m\u00e8tres.<\/span><\/p>\n<p><span style=\"color: #808080;\"><span style=\"font-family: Wingdings;\">o\u00a0<\/span>Conditions requises pour suivre le cours :<\/span><\/p>\n<ul>\n<li><span style=\"color: #808080;\">avoir au moins 10 ans<\/span><\/li>\n<\/ul>\n<p><span style=\"color: #808080;\"><span style=\"font-family: Wingdings;\">o\u00a0<\/span>Mat\u00e9riel p\u00e9dagogique : AUCUN<\/span><\/p>\n<hr \/>\n<h4 style=\"text-align: left;\"><\/h4>\n<h4 style=\"text-align: center;\"><span style=\"color: #808080;\">\u00a0SCUBA DIVER (4 plong\u00e9es)<\/span><\/h4>\n<p><span style=\"color: #808080;\">Cette nouvelle formation PADI permet au plongeur d\u2019acqu\u00e9rir les bases th\u00e9oriques et techniques de plong\u00e9e pour suivre un moniteur dans 12 m\u00e8tres de profondeur. Ce stage correspond aux 3 premiers modules de la formation Open Water Diver. La formation comprend 2 plong\u00e9es de la plage (ou en milieu prot\u00e9g\u00e9) et 2 plong\u00e9es bateau. Apr\u00e8s obtention du Scuba Diver, vous obtiendrez un v\u00e9ritable niveau de plongeur et pourrez, si vous le souhaitez, compl\u00e9ter votre formation pour acqu\u00e9rir l\u2019Open Water Diver.<\/span><\/p>\n<p><span style=\"color: #808080;\"><span style=\"font-family: Wingdings;\">o\u00a0<\/span>Conditions requises pour suivre le cours :<\/span><\/p>\n<ul>\n<li><span style=\"color: #808080;\">avoir au moins 10 ans (Junior Scuba Diver) ou 15 ans (Scuba Diver)<\/span><\/li>\n<li><span style=\"color: #808080;\">pr\u00e9senter un certificat m\u00e9dical de moins d&#8217;un an (par m\u00e9decin g\u00e9n\u00e9raliste, f\u00e9d\u00e9ral, hyperbare ou sport)<\/span><\/li>\n<\/ul>\n<p><span style=\"color: #808080;\"><span style=\"font-family: Wingdings;\">o\u00a0<\/span>Mat\u00e9riel p\u00e9dagogique : Manuel OWD et Vid\u00e9o OWD<\/span><\/p>\n<hr \/>\n<h4 style=\"text-align: left;\"><\/h4>\n<h4 dir=\"ltr\" style=\"text-align: center;\"><span style=\"color: #808080;\">\u00a0OPEN WATER DIVER\u00a0(7 plong\u00e9es)<\/span><\/h4>\n<p><span style=\"color: #808080;\">Cette formation compl\u00e8te vous donnera un ensemble de connaissances tant th\u00e9oriques que techniques qui vous permettront de d\u00e9velopper aquaticit\u00e9, aisance et plaisir. Ce stage comprend 4 plong\u00e9es plage (ou en milieu prot\u00e9g\u00e9) et 4 plong\u00e9es bateau qui vous am\u00e8neront vers une autonomie totale dans 18 m\u00e8tres de profondeur en bin\u00f4me.<\/span><\/p>\n<p><span style=\"color: #808080;\"><span style=\"font-family: Wingdings;\">o\u00a0<\/span>Conditions requises pour suivre le cours :<\/span><\/p>\n<ul>\n<li><span style=\"color: #808080;\">avoir au moins 10 ans (Junior Open Water Diver) ou 15 ans (Open Water Diver)<\/span><\/li>\n<li><span style=\"color: #808080;\">pr\u00e9senter un certificat m\u00e9dical de moins d&#8217;un an (par m\u00e9decin g\u00e9n\u00e9raliste, f\u00e9d\u00e9ral, hyperbare ou sport)<\/span><\/li>\n<\/ul>\n<p><span style=\"color: #808080;\"><span style=\"font-family: Wingdings;\">o\u00a0<\/span>Mat\u00e9riel p\u00e9dagogique : Manuel OWD, RDP, Vid\u00e9o OWD<\/span><\/p>\n<hr \/>\n<h4 style=\"text-align: left;\"><\/h4>\n<h4 dir=\"ltr\" style=\"text-align: center;\"><span style=\"color: #808080;\">\u00a0ADVENTURE DIVER<\/span><\/h4>\n<p><span style=\"color: #808080;\">Le programme PADI Adventures in Diving offre \u00e0 la fois les certifications Adventure Diver et Advanced Open Water Diver. Si vous effectuez trois Plong\u00e9es Aventure aux choix, vous pouvez obtenir votre certification PADI Adventure Diver. Si vous effectuez une Plong\u00e9e Aventure Profonde, une Plong\u00e9e Aventure Orientation et trois autres Plong\u00e9es Aventure au choix, donc cinq plong\u00e9es au total, vous pouvez obtenir votre certification Advanced Open Water Diver (cf cursus Advanced ci-dessous).<\/span><\/p>\n<hr \/>\n<h4 style=\"text-align: left;\"><\/h4>\n<h4 dir=\"ltr\" style=\"text-align: center;\"><span style=\"color: #808080;\">\u00a0ADVANCED OPEN WATER DIVER\u00a0(5 plong\u00e9es)<\/span><\/h4>\n<p><span style=\"color: #808080;\">Ce cours permet de d\u00e9couvrir 5 nouveaux types de plong\u00e9es afin de d\u00e9velopper votre exp\u00e9rience personnelle. Deux th\u00e8mes sont impos\u00e9s : plong\u00e9e profonde et orientation, les 3 autres sont au choix dans la liste des sp\u00e9cialit\u00e9s propos\u00e9es par votre centre. Ce stage de 5 plong\u00e9es vous permettra, \u00e0 l\u2019\u00e9tranger, d\u2019acqu\u00e9rir une autonomie dans 30 m\u00e8tres de profondeur en bin\u00f4me.<\/span><\/p>\n<p><span style=\"color: #808080;\"><span style=\"font-family: Wingdings;\">o\u00a0<\/span>Conditions requises pour suivre le cours :<\/span><\/p>\n<ul>\n<li><span style=\"color: #808080;\">\u00eatre titulaire d&#8217;un OWD ou \u00e9quivalent<\/span><\/li>\n<li><span style=\"color: #808080;\">pr\u00e9senter un certificat m\u00e9dical de moins d&#8217;un an (par m\u00e9decin g\u00e9n\u00e9raliste, f\u00e9d\u00e9ral, hyperbare ou sport)<\/span><\/li>\n<\/ul>\n<p><span style=\"color: #808080;\"><span style=\"font-family: Wingdings;\">o\u00a0<\/span>Mat\u00e9riel p\u00e9dagogique : Manuel AOWD<\/span><\/p>\n<hr \/>\n<h4 style=\"text-align: left;\"><\/h4>\n<h4 dir=\"ltr\" style=\"text-align: center;\"><span style=\"color: #808080;\">\u00a0RESCUE DIVER\u00a0(5 plong\u00e9es)<\/span><\/h4>\n<p><span style=\"color: #808080;\">Cette formation aborde les techniques de pr\u00e9ventions et de d\u00e9tection des probl\u00e8mes pouvant survenir en plong\u00e9e ainsi que leur r\u00e9solution. Ce cours de 5 plong\u00e9es abordent 8 techniques diff\u00e9rentes de sauvetage. Le Rescue Diver ouvre la voie au Divermaster, premier dipl\u00f4me professionnel qui vous permettra de faire carri\u00e8re dans la plong\u00e9e de loisir \u00e0 l&#8217;international.<\/span><\/p>\n<p><span style=\"color: #808080;\"><span style=\"font-family: Wingdings;\">o\u00a0<\/span>Conditions requises pour suivre le cours :<\/span><\/p>\n<ul>\n<li><span style=\"color: #808080;\">\u00eatre titulaire d&#8217;un AOWD ou \u00e9quivalent<\/span><\/li>\n<li><span style=\"color: #808080;\">pr\u00e9senter un certificat m\u00e9dical de moins d&#8217;un an (par m\u00e9decin g\u00e9n\u00e9raliste, f\u00e9d\u00e9ral, hyperbare ou sport)<\/span><\/li>\n<\/ul>\n<p><span style=\"color: #808080;\"><span style=\"font-family: Wingdings;\">o\u00a0<\/span>Mat\u00e9riel p\u00e9dagogique : Manuel Rescue Diver et Vid\u00e9o Rescue Diver<\/span><\/p>\n<hr \/>\n<h4 style=\"text-align: left;\"><\/h4>\n<h4 dir=\"ltr\" style=\"text-align: center;\"><span style=\"color: #808080;\">\u00a0SPECIALITES<\/span><\/h4>\n<p><span style=\"color: #808080;\">Chacune des sp\u00e9cialit\u00e9s vous ouvre les portes d&#8217;un monde nouveau. C&#8217;est l&#8217;occasion de d\u00e9couvrir des techniques d\u00e9di\u00e9es, d&#8217;approfondir vos connaissances et de construire un v\u00e9cu de plongeur qui vous ressemble. A chaque cours de sp\u00e9cialit\u00e9 compl\u00e9t\u00e9, vous recevrez une carte d\u00e9di\u00e9e.<\/span><br \/>\n<span style=\"color: #808080;\"> Parmi plus de 20 sp\u00e9cialit\u00e9s propos\u00e9es par PADI, Easy Dive pour offre la possibilit\u00e9 d&#8217;en d\u00e9couvrir 14. Elles apparaissent en gras dans la liste.<\/span><\/p>\n<p><span style=\"color: #808080;\"><b>Sp\u00e9cialit\u00e9s propos\u00e9es par PADI :\u00a0<\/b><\/span><br \/>\n<span style=\"color: #808080;\"> 1. Plong\u00e9e en altitude<\/span><br \/>\n<span style=\"color: #808080;\"> 2.\u00a0Plong\u00e9e depuis un bateau<\/span><br \/>\n<span style=\"color: #808080;\"> 3. Plong\u00e9e en grotte<\/span><br \/>\n<span style=\"color: #808080;\"> 4.\u00a0Plong\u00e9e profonde<\/span><br \/>\n<span style=\"color: #808080;\"> 5. Plong\u00e9e en scooter sous-marin (DPV)<\/span><br \/>\n<span style=\"color: #808080;\"> 6. Plong\u00e9e en d\u00e9rive<\/span><br \/>\n<span style=\"color: #808080;\"> 7.\u00a0Plong\u00e9e en v\u00eatement \u00e9tanche<\/span><br \/>\n<span style=\"color: #808080;\"> 8.\u00a0Plong\u00e9e \u00e0 l \u2019air enrichi<\/span><br \/>\n<span style=\"color: #808080;\"> 9.\u00a0Mat\u00e9riel<\/span><br \/>\n<span style=\"color: #808080;\"> 10.\u00a0Identification de poissons<\/span><br \/>\n<span style=\"color: #808080;\"> 11. Plong\u00e9e sous glace<\/span><br \/>\n<span style=\"color: #808080;\"> 12.\u00a0Plong\u00e9e \u00e0 multiniveaux<\/span><br \/>\n<span style=\"color: #808080;\"> 13.\u00a0Plong\u00e9e de nuit<\/span><br \/>\n<span style=\"color: #808080;\"> <span style=\"line-height: 1.5;\">14. Projet A.W.A.R.E<\/span><i style=\"line-height: 1.5;\">.<br \/>\n<\/i><span style=\"line-height: 1.5;\">15.\u00a0<\/span>Biologie sous-marine<\/span><br \/>\n<span style=\"color: #808080;\"> <span style=\"line-height: 1.5;\">16.<\/span>\u00a0Plong\u00e9e de recherche et r\u00e9cup\u00e9ration d \u2019objets<\/span><br \/>\n<span style=\"color: #808080;\"> <span style=\"line-height: 1.5;\">17. Chasse sous-marine (pas possible en Europe)<br \/>\n<\/span><span style=\"line-height: 1.5;\">18. Naturalisme sous-marin<br \/>\n<\/span><span style=\"line-height: 1.5;\">19.<\/span>\u00a0Orientation sous-marine<\/span><br \/>\n<span style=\"color: #808080;\"> <span style=\"line-height: 1.5;\">20.\u00a0<\/span>Photographie sous-marine<\/span><br \/>\n<span style=\"color: #808080;\"> <span style=\"line-height: 1.5;\">21.\u00a0<\/span>Vid\u00e9o sous-marine<\/span><br \/>\n<span style=\"color: #808080;\"> <span style=\"line-height: 1.5;\">22.\u00a0<\/span>Plong\u00e9e sur \u00e9pave<\/span><\/p>\n","protected":false},"excerpt":{"rendered":"<p>CERTIFICATIONS PADI PADI, Professional Association of Diving Instructors est la premi\u00e8re organisation mondiale de plong\u00e9e sous-marine. Sa reconnaissance internationale vous permettra de plonger de part et d&#8217;autre du globe sans vous pr\u00e9occuper de la validit\u00e9 de votre certification. Visualisez\u00a0ici le diagramme\u00a0des formations plong\u00e9e loisir. EASY DIVE Juan les Pins &amp; EASY DIVE Cannes\u00a0vous proposent toutes [&hellip;]<\/p>\n","protected":false},"author":1,"featured_media":0,"parent":0,"menu_order":0,"comment_status":"closed","ping_status":"closed","template":"","meta":{"footnotes":""},"class_list":["post-290","page","type-page","status-publish","hentry"],"_links":{"self":[{"href":"https:\/\/easydive.fr\/index.php?rest_route=\/wp\/v2\/pages\/290","targetHints":{"allow":["GET"]}}],"collection":[{"href":"https:\/\/easydive.fr\/index.php?rest_route=\/wp\/v2\/pages"}],"about":[{"href":"https:\/\/easydive.fr\/index.php?rest_route=\/wp\/v2\/types\/page"}],"author":[{"embeddable":true,"href":"https:\/\/easydive.fr\/index.php?rest_route=\/wp\/v2\/users\/1"}],"replies":[{"embeddable":true,"href":"https:\/\/easydive.fr\/index.php?rest_route=%2Fwp%2Fv2%2Fcomments&post=290"}],"version-history":[{"count":24,"href":"https:\/\/easydive.fr\/index.php?rest_route=\/wp\/v2\/pages\/290\/revisions"}],"predecessor-version":[{"id":1498,"href":"https:\/\/easydive.fr\/index.php?rest_route=\/wp\/v2\/pages\/290\/revisions\/1498"}],"wp:attachment":[{"href":"https:\/\/easydive.fr\/index.php?rest_route=%2Fwp%2Fv2%2Fmedia&parent=290"}],"curies":[{"name":"wp","href":"https:\/\/api.w.org\/{rel}","templated":true}]}}