{"id":1951,"date":"2021-06-01T14:36:52","date_gmt":"2021-06-01T13:36:52","guid":{"rendered":"https:\/\/easydive.fr\/?page_id=1951"},"modified":"2021-06-06T11:54:18","modified_gmt":"2021-06-06T10:54:18","slug":"cartographie-des-sites","status":"publish","type":"page","link":"https:\/\/easydive.fr\/?page_id=1951","title":{"rendered":"CARTOGRAPHIE 3D"},"content":{"rendered":"\n<p><span style=\"color: #808080;\">Afin d&#8217;aider les plongeurs \u00e0 se projeter lors des briefings et \u00e0 s&#8217;orienter en plong\u00e9e, des plans en 3D des sites les plus plong\u00e9s sont d\u00e9sormais disponibles. Merci au <a rel=\"noreferrer noopener\" href=\"http:\/\/www.stadelaurentinplong\u00e9e.fr\" target=\"_blank\">Stade <\/a><a href=\"http:\/\/www.stadelaurentinplongee.fr\" target=\"_blank\" rel=\"noreferrer noopener\">Laurentin<\/a> et au <a rel=\"noreferrer noopener\" href=\"http:\/\/www.clubmoana.fr\" target=\"_blank\">Club Moana<\/a> pour avoir rendu possibles les relev\u00e9s bathym\u00e9triques.<\/span><\/p>\n\n\n\n<figure class=\"wp-block-image size-large\"><img loading=\"lazy\" decoding=\"async\" width=\"283\" height=\"126\" src=\"https:\/\/easydive.fr\/wp-content\/uploads\/2021\/06\/Stade-et-Moana.jpg\" alt=\"\" class=\"wp-image-1999\"\/><\/figure>\n\n\n\n<p class=\"has-text-color\" style=\"color:#787878\">D\u00e9couvrez les aper\u00e7us des plans des sites suivants :<\/p>\n\n\n\n<ul class=\"has-text-color wp-block-list\" style=\"color:#787878\"><li><a href=\"http:\/\/easydive.fr\/wp-content\/uploads\/2021\/06\/Rascoui.jpg\" data-type=\"URL\" data-id=\"http:\/\/easydive.fr\/wp-content\/uploads\/2021\/06\/Rascoui.jpg\" target=\"_blank\" rel=\"noreferrer noopener\">Le Rascou\u00ef<\/a><\/li><li><a href=\"http:\/\/easydive.fr\/wp-content\/uploads\/2021\/06\/Grand_Boule.jpg\" data-type=\"URL\" data-id=\"http:\/\/easydive.fr\/wp-content\/uploads\/2021\/06\/Grand_Boule.jpg\" target=\"_blank\" rel=\"noreferrer noopener\">Le Grand Boule &#8211; vue Est<\/a><\/li><li><a href=\"http:\/\/easydive.fr\/wp-content\/uploads\/2021\/06\/Grand_Boule_2.jpg\" data-type=\"URL\" data-id=\"http:\/\/easydive.fr\/wp-content\/uploads\/2021\/06\/Grand_Boule_2.jpg\" target=\"_blank\" rel=\"noreferrer noopener\">Le Grand Boule &#8211; vue Nord<\/a><\/li><li><a href=\"http:\/\/easydive.fr\/wp-content\/uploads\/2021\/06\/Fourmogue_Nord.jpg\" data-type=\"URL\" data-id=\"http:\/\/easydive.fr\/wp-content\/uploads\/2021\/06\/Fourmogue_Nord.jpg\" target=\"_blank\" rel=\"noreferrer noopener\">La Fourmigue Nord<\/a><\/li><li><a href=\"http:\/\/easydive.fr\/wp-content\/uploads\/2021\/06\/Plan_fourmigue_etape_4-scaled.jpg\" data-type=\"URL\" data-id=\"http:\/\/easydive.fr\/wp-content\/uploads\/2021\/06\/Plan_fourmigue_etape_4-scaled.jpg\" target=\"_blank\" rel=\"noreferrer noopener\">La Fourmigue Nord et le tombant de Cannes<\/a><\/li><li><a href=\"http:\/\/easydive.fr\/wp-content\/uploads\/2021\/06\/Fourmigue_Sud-copy.jpg\" data-type=\"URL\" data-id=\"http:\/\/easydive.fr\/wp-content\/uploads\/2021\/06\/Fourmigue_Sud-copy.jpg\" target=\"_blank\" rel=\"noreferrer noopener\">La Fourmigue Sud, Mir\u00f2 et l&#8217;Enfer de Dante<\/a><\/li><li><a href=\"http:\/\/easydive.fr\/wp-content\/uploads\/2021\/06\/Miro_Enfer.jpg\" data-type=\"URL\" data-id=\"http:\/\/easydive.fr\/wp-content\/uploads\/2021\/06\/Miro_Enfer.jpg\" target=\"_blank\" rel=\"noreferrer noopener\">Mir\u00f2 et l&#8217;Enfer de Dante<\/a><\/li><\/ul>\n\n\n\n<p class=\"has-text-color has-large-font-size\" style=\"color:#787878\">M\u00e9thodologie<\/p>\n\n\n\n<p><\/p>\n\n\n\n<p><span style=\"color: #808080;\">Chaque plan de site a \u00e9t\u00e9 r\u00e9alis\u00e9 avec ces quatre \u00e9tapes :<\/span><br><span style=\"color: #808080;\">\u2022 A partir des relev\u00e9s bathym\u00e9triques, s\u00e9lection d\u2019une \u00e0 deux vues montrant les zones les plus int\u00e9ressantes du site.<\/span><br><span style=\"color: #808080;\">\u2022 Plong\u00e9e sur le site avec une cam\u00e9ra afin de d\u00e9terminer les types de fonds (corallig\u00e8ne, sable, roche) et les zones de posidonies<\/span><br><span style=\"color: #808080;\">\u2022 Dessin du site \u00e0 l\u2019aide des vues s\u00e9lectionn\u00e9es<\/span><br><span style=\"color: #808080;\">\u2022 Ajout de certaines profondeurs importantes (\u00e0 l\u2019aide de l\u2019\u00e9chelle colorim\u00e9triques des relev\u00e9s bathym\u00e9triques) et mise en \u00e9vidence des positions des bou\u00e9es \u2013 s\u2019il y en a \u2013 mises en place en p\u00e9riode estivale.<\/span><\/p>\n\n\n\n<p><span style=\"color: #808080;\">Exemple de la progression du travail sur le plan de la Fourmigue<\/span><\/p>\n\n\n\n<figure class=\"wp-block-image size-large is-style-default\"><a href=\"https:\/\/easydive.fr\/wp-content\/uploads\/2021\/06\/Plan_fourmigue_etape_1-scaled.jpg\"><img loading=\"lazy\" decoding=\"async\" width=\"1024\" height=\"447\" src=\"https:\/\/easydive.fr\/wp-content\/uploads\/2021\/06\/Plan_fourmigue_etape_1-1024x447.jpg\" alt=\"\" class=\"wp-image-1956\" srcset=\"https:\/\/easydive.fr\/wp-content\/uploads\/2021\/06\/Plan_fourmigue_etape_1-1024x447.jpg 1024w, https:\/\/easydive.fr\/wp-content\/uploads\/2021\/06\/Plan_fourmigue_etape_1-300x131.jpg 300w, https:\/\/easydive.fr\/wp-content\/uploads\/2021\/06\/Plan_fourmigue_etape_1-768x335.jpg 768w, https:\/\/easydive.fr\/wp-content\/uploads\/2021\/06\/Plan_fourmigue_etape_1-600x262.jpg 600w, https:\/\/easydive.fr\/wp-content\/uploads\/2021\/06\/Plan_fourmigue_etape_1-1536x670.jpg 1536w, https:\/\/easydive.fr\/wp-content\/uploads\/2021\/06\/Plan_fourmigue_etape_1-2048x893.jpg 2048w\" sizes=\"auto, (max-width: 1024px) 100vw, 1024px\" \/><\/a><\/figure>\n\n\n\n<figure class=\"wp-block-image size-large\"><a href=\"https:\/\/easydive.fr\/wp-content\/uploads\/2021\/06\/Plan_fourmigue_etape_2-scaled.jpg\"><img loading=\"lazy\" decoding=\"async\" width=\"1024\" height=\"447\" src=\"https:\/\/easydive.fr\/wp-content\/uploads\/2021\/06\/Plan_fourmigue_etape_2-1024x447.jpg\" alt=\"\" class=\"wp-image-1957\" srcset=\"https:\/\/easydive.fr\/wp-content\/uploads\/2021\/06\/Plan_fourmigue_etape_2-1024x447.jpg 1024w, https:\/\/easydive.fr\/wp-content\/uploads\/2021\/06\/Plan_fourmigue_etape_2-300x131.jpg 300w, https:\/\/easydive.fr\/wp-content\/uploads\/2021\/06\/Plan_fourmigue_etape_2-768x335.jpg 768w, https:\/\/easydive.fr\/wp-content\/uploads\/2021\/06\/Plan_fourmigue_etape_2-600x262.jpg 600w, https:\/\/easydive.fr\/wp-content\/uploads\/2021\/06\/Plan_fourmigue_etape_2-1536x670.jpg 1536w, https:\/\/easydive.fr\/wp-content\/uploads\/2021\/06\/Plan_fourmigue_etape_2-2048x893.jpg 2048w\" sizes=\"auto, (max-width: 1024px) 100vw, 1024px\" \/><\/a><\/figure>\n\n\n\n<figure class=\"wp-block-image size-large\"><a href=\"https:\/\/easydive.fr\/wp-content\/uploads\/2021\/06\/Plan_fourmigue_etape_3-scaled.jpg\"><img loading=\"lazy\" decoding=\"async\" width=\"1024\" height=\"447\" src=\"https:\/\/easydive.fr\/wp-content\/uploads\/2021\/06\/Plan_fourmigue_etape_3-1024x447.jpg\" alt=\"\" class=\"wp-image-1958\" srcset=\"https:\/\/easydive.fr\/wp-content\/uploads\/2021\/06\/Plan_fourmigue_etape_3-1024x447.jpg 1024w, https:\/\/easydive.fr\/wp-content\/uploads\/2021\/06\/Plan_fourmigue_etape_3-300x131.jpg 300w, https:\/\/easydive.fr\/wp-content\/uploads\/2021\/06\/Plan_fourmigue_etape_3-768x335.jpg 768w, https:\/\/easydive.fr\/wp-content\/uploads\/2021\/06\/Plan_fourmigue_etape_3-600x262.jpg 600w, https:\/\/easydive.fr\/wp-content\/uploads\/2021\/06\/Plan_fourmigue_etape_3-1536x670.jpg 1536w, https:\/\/easydive.fr\/wp-content\/uploads\/2021\/06\/Plan_fourmigue_etape_3-2048x893.jpg 2048w\" sizes=\"auto, (max-width: 1024px) 100vw, 1024px\" \/><\/a><\/figure>\n\n\n\n<figure class=\"wp-block-image size-large\"><a href=\"https:\/\/easydive.fr\/wp-content\/uploads\/2021\/06\/Plan_fourmigue_etape_4-scaled.jpg\"><img loading=\"lazy\" decoding=\"async\" width=\"1024\" height=\"447\" src=\"https:\/\/easydive.fr\/wp-content\/uploads\/2021\/06\/Plan_fourmigue_etape_4-1024x447.jpg\" alt=\"\" class=\"wp-image-1959\" srcset=\"https:\/\/easydive.fr\/wp-content\/uploads\/2021\/06\/Plan_fourmigue_etape_4-1024x447.jpg 1024w, https:\/\/easydive.fr\/wp-content\/uploads\/2021\/06\/Plan_fourmigue_etape_4-300x131.jpg 300w, https:\/\/easydive.fr\/wp-content\/uploads\/2021\/06\/Plan_fourmigue_etape_4-768x335.jpg 768w, https:\/\/easydive.fr\/wp-content\/uploads\/2021\/06\/Plan_fourmigue_etape_4-600x262.jpg 600w, https:\/\/easydive.fr\/wp-content\/uploads\/2021\/06\/Plan_fourmigue_etape_4-1536x670.jpg 1536w, https:\/\/easydive.fr\/wp-content\/uploads\/2021\/06\/Plan_fourmigue_etape_4-2048x893.jpg 2048w\" sizes=\"auto, (max-width: 1024px) 100vw, 1024px\" \/><\/a><\/figure>\n","protected":false},"excerpt":{"rendered":"<p>Afin d&#8217;aider les plongeurs \u00e0 se projeter lors des briefings et \u00e0 s&#8217;orienter en plong\u00e9e, des plans en 3D des sites les plus plong\u00e9s sont d\u00e9sormais disponibles. Merci au Stade Laurentin et au Club Moana pour avoir rendu possibles les relev\u00e9s bathym\u00e9triques. D\u00e9couvrez les aper\u00e7us des plans des sites suivants : Le Rascou\u00ef Le Grand [&hellip;]<\/p>\n","protected":false},"author":1,"featured_media":0,"parent":0,"menu_order":0,"comment_status":"closed","ping_status":"closed","template":"","meta":{"footnotes":""},"class_list":["post-1951","page","type-page","status-publish","hentry"],"_links":{"self":[{"href":"https:\/\/easydive.fr\/index.php?rest_route=\/wp\/v2\/pages\/1951","targetHints":{"allow":["GET"]}}],"collection":[{"href":"https:\/\/easydive.fr\/index.php?rest_route=\/wp\/v2\/pages"}],"about":[{"href":"https:\/\/easydive.fr\/index.php?rest_route=\/wp\/v2\/types\/page"}],"author":[{"embeddable":true,"href":"https:\/\/easydive.fr\/index.php?rest_route=\/wp\/v2\/users\/1"}],"replies":[{"embeddable":true,"href":"https:\/\/easydive.fr\/index.php?rest_route=%2Fwp%2Fv2%2Fcomments&post=1951"}],"version-history":[{"count":11,"href":"https:\/\/easydive.fr\/index.php?rest_route=\/wp\/v2\/pages\/1951\/revisions"}],"predecessor-version":[{"id":2000,"href":"https:\/\/easydive.fr\/index.php?rest_route=\/wp\/v2\/pages\/1951\/revisions\/2000"}],"wp:attachment":[{"href":"https:\/\/easydive.fr\/index.php?rest_route=%2Fwp%2Fv2%2Fmedia&parent=1951"}],"curies":[{"name":"wp","href":"https:\/\/api.w.org\/{rel}","templated":true}]}}