{"id":19,"date":"2015-04-05T11:14:39","date_gmt":"2015-04-05T10:14:39","guid":{"rendered":"http:\/\/easydive.fr\/Blog\/?page_id=19"},"modified":"2021-04-28T08:40:10","modified_gmt":"2021-04-28T07:40:10","slug":"moniteurs","status":"publish","type":"page","link":"https:\/\/easydive.fr\/?page_id=19","title":{"rendered":"ENSEIGNEZ"},"content":{"rendered":"<p>&nbsp;<\/p>\n<p><span style=\"color: #808080;\">Nos centres de plong\u00e9e sont sp\u00e9cialis\u00e9s et r\u00e9put\u00e9s pour la formation de moniteurs. Nous avons form\u00e9 et certifi\u00e9 entre 2002 et 2014 192&nbsp;N4 &#8220;guide de palanqu\u00e9e&#8221;, 45&nbsp;moniteurs MF1 FFESM, 30 moniteurs d&#8217;\u00e9tat avec un taux de r\u00e9ussite de 98% pour les candidats ayant suivi l&#8217;ensemble de leur formation \u00e0 EASY DIVE.<\/span><\/p>\n<p><span style=\"color: #808080;\">Vous pourrez vous pr\u00e9parer avec nous&nbsp;\u00e0 la majorit\u00e9 des monitorats qui vous permettront de vous investir dans l&#8217;enseignement de &nbsp;la plong\u00e9e de mani\u00e8re professionnelle en France ou \u00e0 l&#8217;\u00e9tranger, ou bien de mani\u00e8re b\u00e9n\u00e9vole dans les clubs associatifs.<\/span><\/p>\n<hr>\n<p><span style=\"color: #808080;\">&nbsp;<\/span><\/p>\n<h3 dir=\"ltr\" style=\"text-align: left;\"><span style=\"color: #808080;\">Monitorats d&#8217;Etat<\/span><\/h3>\n<p><span style=\"color: #808080;\"><a style=\"color: #808080;\" href=\" http:\/\/easydive.fr\/Wordpress\/?page_id=358\"><img loading=\"lazy\" decoding=\"async\" class=\"alignleft wp-image-459 \" src=\"http:\/\/easydive.fr\/Wordpress\/wp-content\/uploads\/2015\/04\/logo_MJS-150x150.jpg\" alt=\"logo_MJS\" width=\"150\" height=\"150\" srcset=\"https:\/\/easydive.fr\/wp-content\/uploads\/2015\/04\/logo_MJS-150x150.jpg 150w, https:\/\/easydive.fr\/wp-content\/uploads\/2015\/04\/logo_MJS-300x300.jpg 300w, https:\/\/easydive.fr\/wp-content\/uploads\/2015\/04\/logo_MJS.jpg 425w\" sizes=\"auto, (max-width: 150px) 100vw, 150px\" \/><\/a>&#8211; Brevet Professionnel (BP)<\/span><br \/>\n<span style=\"color: #808080;\"> &#8211; Dipl\u00f4me Professionnel (DE)<\/span><\/p>\n<p><span style=\"color: #808080;\">EASY DIVE est agr\u00e9\u00e9 par les CREPS PACA (Antibes), Bordeaux-Aquitaine (Hendaye et Trebeurden) et pour l&#8217;accueil des stagiaires en alternance<\/span><\/p>\n<p><span style=\"color: #808080;\">&nbsp;<\/span><br \/>\n<span style=\"color: #808080;\"> &nbsp;<\/span><\/p>\n<p><span style=\"color: #808080;\"><strong>&nbsp;<\/strong><\/span><\/p>\n<hr>\n<p><span style=\"color: #808080;\">&nbsp;<\/span><\/p>\n<h3 style=\"text-align: left;\"><span style=\"color: #808080;\">FFESSM (formations assur\u00e9es sur la base de Juan les Pins)<\/span><\/h3>\n<h3><span style=\"color: #808080;\"><a style=\"color: #808080;\" href=\"http:\/\/easydive.fr\/Wordpress\/wp-content\/uploads\/2015\/04\/logo_ffessm.gif\"><img loading=\"lazy\" decoding=\"async\" class=\"alignleft wp-image-314 \" src=\"http:\/\/easydive.fr\/Wordpress\/wp-content\/uploads\/2015\/04\/logo_ffessm.gif\" alt=\"\" width=\"150\" height=\"121\"><\/a><\/span><\/h3>\n<p><span style=\"color: #808080;\">&#8211; Initiateur club<\/span><br \/>\n<span style=\"color: #808080;\"> &#8211; Moniteur F\u00e9d\u00e9ral 1er degr\u00e9 (MF1)<\/span><br \/>\n<span style=\"color: #808080;\"> &#8211;&nbsp;Moniteur F\u00e9d\u00e9ral 2\u00e8me degr\u00e9 (MF2)<\/span><\/p>\n<h3 dir=\"ltr\" style=\"text-align: left;\"><span style=\"color: #808080;\">&nbsp;<\/span><\/h3>\n<p><span style=\"color: #808080;\">&nbsp;<\/span><br \/>\n<span style=\"color: #808080;\"> &nbsp;<\/span><\/p>\n<p><span style=\"color: #808080;\"><strong>&nbsp;<\/strong><\/span><\/p>\n<hr>\n<p><span style=\"color: #808080;\">&nbsp;<\/span><\/p>\n<h3 dir=\"ltr\" style=\"text-align: left;\"><span style=\"color: #808080;\">PADI (formations assur\u00e9es sur la base de Cannes)<\/span><\/h3>\n<h3><span style=\"color: #808080;\"><a style=\"color: #808080;\" href=\"http:\/\/easydive.fr\/Wordpress\/?page_id=364\"><img loading=\"lazy\" decoding=\"async\" class=\"alignleft wp-image-471 \" src=\"http:\/\/easydive.fr\/Wordpress\/wp-content\/uploads\/2015\/04\/logo_padi-150x150.jpg\" alt=\"logo_padi\" width=\"150\" height=\"150\"><\/a><\/span><\/h3>\n<p><span style=\"color: #808080;\">&#8211; Divemaster (DM)<\/span><br \/>\n<span style=\"color: #808080;\"> &#8211; Open Water Scuba instructor (OWSI)<\/span><br \/>\n<span style=\"color: #808080;\"> &#8211; Specialty Instructor (SI)<\/span><br \/>\n<span style=\"color: #808080;\"> &#8211; Master Scuba Diver Trainer (MSDT)<\/span><br \/>\n<span style=\"color: #808080;\"> &#8211; IDC Staff Instructor (IDCS)<\/span><\/p>\n<h3 dir=\"ltr\" style=\"text-align: left;\"><span style=\"color: #808080;\">&nbsp;<\/span><\/h3>\n<p><span style=\"color: #808080;\">&nbsp;<\/span><\/p>\n<p>&nbsp;<\/p>\n","protected":false},"excerpt":{"rendered":"<p>&nbsp; Nos centres de plong\u00e9e sont sp\u00e9cialis\u00e9s et r\u00e9put\u00e9s pour la formation de moniteurs. Nous avons form\u00e9 et certifi\u00e9 entre 2002 et 2014 192&nbsp;N4 &#8220;guide de palanqu\u00e9e&#8221;, 45&nbsp;moniteurs MF1 FFESM, 30 moniteurs d&#8217;\u00e9tat avec un taux de r\u00e9ussite de 98% pour les candidats ayant suivi l&#8217;ensemble de leur formation \u00e0 EASY DIVE. Vous pourrez vous [&hellip;]<\/p>\n","protected":false},"author":1,"featured_media":0,"parent":0,"menu_order":0,"comment_status":"closed","ping_status":"closed","template":"","meta":{"footnotes":""},"class_list":["post-19","page","type-page","status-publish","hentry"],"_links":{"self":[{"href":"https:\/\/easydive.fr\/index.php?rest_route=\/wp\/v2\/pages\/19","targetHints":{"allow":["GET"]}}],"collection":[{"href":"https:\/\/easydive.fr\/index.php?rest_route=\/wp\/v2\/pages"}],"about":[{"href":"https:\/\/easydive.fr\/index.php?rest_route=\/wp\/v2\/types\/page"}],"author":[{"embeddable":true,"href":"https:\/\/easydive.fr\/index.php?rest_route=\/wp\/v2\/users\/1"}],"replies":[{"embeddable":true,"href":"https:\/\/easydive.fr\/index.php?rest_route=%2Fwp%2Fv2%2Fcomments&post=19"}],"version-history":[{"count":54,"href":"https:\/\/easydive.fr\/index.php?rest_route=\/wp\/v2\/pages\/19\/revisions"}],"predecessor-version":[{"id":1679,"href":"https:\/\/easydive.fr\/index.php?rest_route=\/wp\/v2\/pages\/19\/revisions\/1679"}],"wp:attachment":[{"href":"https:\/\/easydive.fr\/index.php?rest_route=%2Fwp%2Fv2%2Fmedia&parent=19"}],"curies":[{"name":"wp","href":"https:\/\/api.w.org\/{rel}","templated":true}]}}