{"id":1446,"date":"2017-09-15T16:23:10","date_gmt":"2017-09-15T15:23:10","guid":{"rendered":"http:\/\/easydive.fr\/?page_id=1446"},"modified":"2017-09-15T16:34:04","modified_gmt":"2017-09-15T15:34:04","slug":"decouvrir-le-bapteme","status":"publish","type":"page","link":"https:\/\/easydive.fr\/?page_id=1446","title":{"rendered":"DECOUVRIR &#8211; LE BAPTEME"},"content":{"rendered":"<p><strong><span style=\"color: #808080;\">Le bapt\u00eame de plong\u00e9e est une exp\u00e9rience unique qui vous permet de d\u00e9couvrir, en toute s\u00e9curit\u00e9, la beaut\u00e9 des fonds sous-marins et l&#8217;incroyable sensation d&#8217;apesanteur et de libert\u00e9 qu&#8217;offre cette activit\u00e9.<\/span><\/strong><\/p>\n<h4 style=\"text-align: left;\"><\/h4>\n<h4 style=\"text-align: left;\"><span style=\"color: #808080;\">D\u00e9roulement<\/span><\/h4>\n<p><span style=\"color: #808080;\">Le bapt\u00eame est un cours particulier durant lequel vous d\u00e9couvrirez le mat\u00e9riel complet et son utilisation, vous prendrez connaissance des principales r\u00e8gles de s\u00e9curit\u00e9 et des codes de communication. Ces \u00e9l\u00e9ments vous permettront de partir explorer les fonds avec un moniteur qui accompagnera vos premi\u00e8res bulles.<br \/>\nLes bapt\u00eames ont lieu en mer, avec un d\u00e9part du bateau pour une dur\u00e9e de 2h30. Sur le site, \u00e9couterez le briefing de votre moniteur puis partirez partir pour une immersion d&#8217;environ 30 minutes \u00e0 6 m\u00e8tres de profondeur maximum (profondeur r\u00e9duite en fonction de l&#8217;\u00e2ge).<br \/>\n<\/span><\/p>\n<p><span style=\"color: #808080;\">La formule &#8220;Pack d\u00e9couverte&#8221; en 3 plong\u00e9es vous permet d&#8217;acc\u00e9der \u00e0 la zone des 12 m\u00e8tres sans licence, ni certificat m\u00e9dical.<\/span><\/p>\n<h4 style=\"text-align: left;\"><span style=\"color: #808080;\">\u00a0<\/span><\/h4>\n<h4 style=\"text-align: left;\"><span style=\"color: #808080;\">Pr\u00e9 requis et formalit\u00e9s<\/span><\/h4>\n<p><span style=\"color: #808080;\">Le bapt\u00eame est une aventure que chacun (\u00e0 partir de 8 ans.. et sans limite d&#8217;\u00e2ge!) peut vivre sans aucun pr\u00e9 requis. Pas besoin de savoir nager, palmer ou encore de retenir sa respiration : les explications que vous donnera votre moniteur et sa pr\u00e9sence dans l&#8217;eau suffiront \u00e0 faire de votre bapt\u00eame un moment inoubliable.<br \/>\nLe bapt\u00eame de plong\u00e9e ne n\u00e9cessite pas de fourniture d&#8217;un certificat m\u00e9dical. Celui-ci sera par contre indispensable si vous envisagez de passer un brevet. Toutefois, nous tenons ici \u00e0 votre disposition une liste non exhaustive de contre-indications \u00e0 la pratique de cette activit\u00e9. Nous sommes \u00e9galement \u00e0 votre disposition si vous avez des interrogations.<\/span><\/p>\n<h4><\/h4>\n<h4 style=\"text-align: left;\"><span style=\"color: #808080;\">Tarif<\/span><\/h4>\n<p><span style=\"color: #808080;\">Pour le tarif, merci de vous reporter \u00e0 la grille g\u00e9n\u00e9rale.<br \/>\nLe prix du bapt\u00eame comprend la location de l&#8217;\u00e9quipement complet (mat\u00e9riel Aqualung de moins d&#8217;un an), le bapt\u00eame ainsi que le dipl\u00f4me qui vous ouvrira la porte des formations FFESSM (Niveau 1) ou PADI (Scuba Diver ou Open Water Diver).<\/span><\/p>\n<h4><\/h4>\n    <script>\r\n        jQuery.browser = {};\r\n        (function () {\r\n            jQuery.browser.msie = false;\r\n            jQuery.browser.version = 0;\r\n            if (navigator.userAgent.match(\/MSIE ([0-9]+)\\.\/)) {\r\n                jQuery.browser.msie = true;\r\n                jQuery.browser.version = RegExp.$1;\r\n            }\r\n        })();\r\n    <\/script>\r\n\r\n    <style>\r\n\t.modal-backdrop.in {\r\n\t\tdisplay:none !important;\r\n\t}\r\n    .b-link-fade .b-wrapper, .b-link-fade .b-top-line{\r\n        background: rgba(49, 163, 221, 0.5);;\r\n    }\r\n    .b-link-flow .b-wrapper, .b-link-flow .b-top-line{\r\n        background: rgba(49, 163, 221, 0.5);;\r\n    }\r\n    .b-link-stroke .b-top-line{\r\n        background: rgba(49, 163, 221, 0.5);;\r\n    }\r\n    .b-link-stroke .b-bottom-line{\r\n        background: rgba(49, 163, 221, 0.5);;\r\n    }\r\n\r\n    .b-link-box .b-top-line{\r\n\r\n        border: 16px solid #31A3DD;\r\n    }\r\n    .b-link-box .b-bottom-line{\r\n        background: rgba(49, 163, 221, 0.5);;\r\n    }\r\n    .b-link-stripe .b-line{\r\n        background: rgba(49, 163, 221, 0.5);;\r\n    }\r\n    .b-link-apart-horisontal .b-top-line, .b-link-apart-horisontal .b-top-line-up{\r\n        background: rgba(49, 163, 221, 0.5);;\r\n    }\r\n    .b-link-apart-horisontal .b-bottom-line, .b-link-apart-horisontal .b-bottom-line-up{\r\n        background: rgba(49, 163, 221, 0.5);;\r\n    }\r\n    .b-link-apart-vertical .b-top-line, .b-link-apart-vertical .b-top-line-up{\r\n        background: rgba(49, 163, 221, 0.5);;\r\n    }\r\n    .b-link-apart-vertical .b-bottom-line, .b-link-apart-vertical .b-bottom-line-up{\r\n        background: rgba(49, 163, 221, 0.5);;\r\n    }\r\n    .b-link-diagonal .b-line{\r\n        background: rgba(49, 163, 221, 0.5);;\r\n    }\r\n\r\n    .b-wrapper{\r\n        font-family:Arial; \/\/ real name pass here\r\n    }\r\n    <\/style>\r\n\r\n        <div id=\"gallery1\" class=\"gal-container\">\r\n            <!--get the post id-->\r\n        \t\t<div id=\"gal-container-707\" style=\"display: block; overflow:hidden;\">\r\n\t\t\t\t\t\t<!-- gallery title-->\r\n\t\t\t<div class=\"rpg-gal-title\" >\r\n\t\t\t\tBAPTEME &#8211; INTRODUCTION DIVE\t\t\t<\/div>\r\n\t\t\t\t\t\t<!-- gallery photos-->\r\n\t\t\t<div style=\"\">\r\n\t\t\t\t\t\t\t\t\t<div class=\"col-md-6 col-sm-6 wl-gallery\" >\r\n\t\t\t\t\t\t<div class=\"b-link-fade b-animate-go\">\r\n\t\t\t\t\t\t\t<img decoding=\"async\" src=\"http:\/\/easydive.fr\/Wordpress\/wp-content\/uploads\/2015\/04\/EASY-DIVE-BAPTEME1.jpg\" alt=\"BAPTEME &#8211; INTRODUCTION DIVE\" class=\"gall-img-responsive\">\r\n\t\t\t\t\t\t\t<div class=\"b-wrapper\">\r\n\t\t\t\t\t\t\t\t<h2 class=\"b-from-left b-animate b-delay03\"><\/h2>\r\n\t\t\t\t\t\t\t\t<p class=\"b-from-right b-animate b-delay03\">\r\n\t\t\t\t\t\t\t\t\t<a href=\"http:\/\/easydive.fr\/Wordpress\/wp-content\/uploads\/2015\/04\/EASY-DIVE-BAPTEME1.jpg\" title=\"\">\r\n\t\t\t\t\t\t\t\t\t\t<i class=\"fa fa-picture-o fa-2x\"><\/i>\r\n\t\t\t\t\t\t\t\t\t<\/a>\r\n\t\t\t\t\t\t\t\t<\/p>\r\n\t\t\t\t\t\t\t<\/div>\r\n\t\t\t\t\t\t<\/div>\r\n\t\t\t\t\t<\/div>\r\n\r\n\t\t\t\t\t\t\t\t\t\t<div class=\"col-md-6 col-sm-6 wl-gallery\" >\r\n\t\t\t\t\t\t<div class=\"b-link-fade b-animate-go\">\r\n\t\t\t\t\t\t\t<img decoding=\"async\" src=\"http:\/\/easydive.fr\/Wordpress\/wp-content\/uploads\/2015\/04\/EASYDIVE-BAPTEME2.jpg\" alt=\"BAPTEME &#8211; INTRODUCTION DIVE\" class=\"gall-img-responsive\">\r\n\t\t\t\t\t\t\t<div class=\"b-wrapper\">\r\n\t\t\t\t\t\t\t\t<h2 class=\"b-from-left b-animate b-delay03\"><\/h2>\r\n\t\t\t\t\t\t\t\t<p class=\"b-from-right b-animate b-delay03\">\r\n\t\t\t\t\t\t\t\t\t<a href=\"http:\/\/easydive.fr\/Wordpress\/wp-content\/uploads\/2015\/04\/EASYDIVE-BAPTEME2.jpg\" title=\"\">\r\n\t\t\t\t\t\t\t\t\t\t<i class=\"fa fa-picture-o fa-2x\"><\/i>\r\n\t\t\t\t\t\t\t\t\t<\/a>\r\n\t\t\t\t\t\t\t\t<\/p>\r\n\t\t\t\t\t\t\t<\/div>\r\n\t\t\t\t\t\t<\/div>\r\n\t\t\t\t\t<\/div>\r\n\r\n\t\t\t\t\t\t\t\t\t\t\t\t\t\t<div class=\"clearfix\"><\/div>\r\n\t\t\t\t\t\t\t\t\t\t\t\t<\/div>\r\n\t\t<\/div>\r\n        <\/div>\r\n   \n<hr \/>\n","protected":false},"excerpt":{"rendered":"<p>Le bapt\u00eame de plong\u00e9e est une exp\u00e9rience unique qui vous permet de d\u00e9couvrir, en toute s\u00e9curit\u00e9, la beaut\u00e9 des fonds sous-marins et l&#8217;incroyable sensation d&#8217;apesanteur et de libert\u00e9 qu&#8217;offre cette activit\u00e9. D\u00e9roulement Le bapt\u00eame est un cours particulier durant lequel vous d\u00e9couvrirez le mat\u00e9riel complet et son utilisation, vous prendrez connaissance des principales r\u00e8gles de [&hellip;]<\/p>\n","protected":false},"author":1,"featured_media":0,"parent":0,"menu_order":0,"comment_status":"closed","ping_status":"closed","template":"","meta":{"footnotes":""},"class_list":["post-1446","page","type-page","status-publish","hentry"],"_links":{"self":[{"href":"https:\/\/easydive.fr\/index.php?rest_route=\/wp\/v2\/pages\/1446","targetHints":{"allow":["GET"]}}],"collection":[{"href":"https:\/\/easydive.fr\/index.php?rest_route=\/wp\/v2\/pages"}],"about":[{"href":"https:\/\/easydive.fr\/index.php?rest_route=\/wp\/v2\/types\/page"}],"author":[{"embeddable":true,"href":"https:\/\/easydive.fr\/index.php?rest_route=\/wp\/v2\/users\/1"}],"replies":[{"embeddable":true,"href":"https:\/\/easydive.fr\/index.php?rest_route=%2Fwp%2Fv2%2Fcomments&post=1446"}],"version-history":[{"count":4,"href":"https:\/\/easydive.fr\/index.php?rest_route=\/wp\/v2\/pages\/1446\/revisions"}],"predecessor-version":[{"id":1453,"href":"https:\/\/easydive.fr\/index.php?rest_route=\/wp\/v2\/pages\/1446\/revisions\/1453"}],"wp:attachment":[{"href":"https:\/\/easydive.fr\/index.php?rest_route=%2Fwp%2Fv2%2Fmedia&parent=1446"}],"curies":[{"name":"wp","href":"https:\/\/api.w.org\/{rel}","templated":true}]}}