{"id":14,"date":"2015-04-05T11:13:05","date_gmt":"2015-04-05T11:13:05","guid":{"rendered":"http:\/\/easydive.fr\/Blog\/?page_id=14"},"modified":"2021-06-01T09:25:54","modified_gmt":"2021-06-01T08:25:54","slug":"easy-dive-cannes-palm-beach","status":"publish","type":"page","link":"https:\/\/easydive.fr\/?page_id=14","title":{"rendered":"CANNES"},"content":{"rendered":"<p><span style=\"color: #808080;\">EASY DIVE CANNES &#8211; PALM BEACH La base plong\u00e9e est situ\u00e9e au<\/span> <a title=\"EASY DIVE CANNES\" href=\"https:\/\/www.google.fr\/maps\/place\/EASY+DIVE+Cannes+Croisette\/@43.5421492,7.0373285,15z\/data=!4m7!1m4!3m3!1s0x12ce81a58b095fdb:0xa2a03e9159eb607c!2sEASY+DIVE+Cannes+Croisette!3b1!3m1!1s0x12ce81a58b095fdb:0xa2a03e9159eb607c\" target=\"_blank\" rel=\"noopener noreferrer\">Palm Beach, 2 rue Esprit Violet, Cannes Croisette<\/a><\/p>\n<p><span style=\"color: #808080;\">EASY DIVE CANNES est un\u00a0<\/span><a href=\"http:\/\/www.aqualung.com\/fr\/\" target=\"_blank\" rel=\"noopener noreferrer\">centre partenaire Aqualung<\/a><span style=\"color: #808080;\">.\u00a0 Les centres partenaires Aqualung sont s\u00e9lectionn\u00e9s par la marque pour leur professionnalisme et la qualit\u00e9 de leurs prestations. Ils sont d\u00e9clin\u00e9s par cat\u00e9gorie et b\u00e9n\u00e9ficient du mat\u00e9riel Aqualung \/ Suunto et Apeks \u00e0 la pointe de la technologie.<\/span><a title=\"EASY DIVE CANNES\" href=\"https:\/\/www.google.fr\/maps\/place\/EASY+DIVE+Cannes+Croisette\/@43.5421492,7.0373285,15z\/data=!4m7!1m4!3m3!1s0x12ce81a58b095fdb:0xa2a03e9159eb607c!2sEASY+DIVE+Cannes+Croisette!3b1!3m1!1s0x12ce81a58b095fdb:0xa2a03e9159eb607c\" target=\"_blank\" rel=\"noopener noreferrer\"><br \/>\n<\/a><\/p>\n<p><span style=\"color: #808080;\"><b style=\"color: #808080;\"><span style=\"font-size: small;\">LE\u00a0<\/span><\/b><b style=\"color: #808080;\"><span style=\"font-size: small;\">CENTRE DE PLONGEE EASY DIVE CANNES EST IDC 5 ETOILES PADI ET ORGANISE TOUTES LES FORMATIONS DU BAPTEME JUSQU&#8217;AUX NIVEAUX D&#8217;INSTRUCTEURS PADI.<\/span><\/b><\/span><\/p>\n<p><span style=\"color: #808080;\"><strong>Nous vous accueillons d&#8217;avril \u00e0 novembre\u00a0dans nos locaux de 120m\u00b2\u00a0\u00e0 cot\u00e9 du Port du Mour\u00e9 Rouge.<\/strong><br \/>\nNous sortons\u00a0tous les jours du 1er mai\u00a0au 31 octobre avec des d\u00e9parts bateau \u00e0 9h et 14h (RDV 30 minutes avant).<br \/>\nToutes nos plong\u00e9es sont sur r\u00e9servation.<\/span><\/p>\n<p><center><br \/>\n<iframe loading=\"lazy\" src=\"https:\/\/www.youtube.com\/embed\/u9CJtajZ0U0\" width=\"560\" height=\"315\" frameborder=\"0\" allowfullscreen=\"allowfullscreen\"><\/iframe><\/center><\/p>\n<p><span style=\"color: #808080;\">Vous y trouverez notamment :<\/span><br style=\"color: #808080;\" \/><span style=\"color: #808080;\">&#8211; Un local technique<\/span><br style=\"color: #808080;\" \/><span style=\"color: #808080;\">&#8211; Un espace de vente d\u00e9di\u00e9 aux produits Scubapro, Aqualung, Cressi, Suunto et Uwatec<\/span><br style=\"color: #808080;\" \/><span style=\"color: #808080;\">&#8211; Un atelier de r\u00e9vision de mat\u00e9riel<\/span><br style=\"color: #808080;\" \/><span style=\"color: #808080;\">&#8211; Une salle de cours climatis\u00e9e et \u00e9quip\u00e9e de vid\u00e9o et retroprojecteur<\/span><br style=\"color: #808080;\" \/><span style=\"color: #808080;\">&#8211; Un espace caf\u00e9 et boissons<\/span><\/p>\n<div id=\"TA_cdsratingsonlynarrow654\" class=\"TA_cdsratingsonlynarrow\">\n<\/div>\n<p><script src=\"http:\/\/www.jscache.com\/wejs?wtype=cdsratingsonlynarrow&amp;uniq=654&amp;locationId=3909452&amp;lang=fr&amp;border=true&amp;display_version=2\"><\/script><\/p>\n    <script>\r\n        jQuery.browser = {};\r\n        (function () {\r\n            jQuery.browser.msie = false;\r\n            jQuery.browser.version = 0;\r\n            if (navigator.userAgent.match(\/MSIE ([0-9]+)\\.\/)) {\r\n                jQuery.browser.msie = true;\r\n                jQuery.browser.version = RegExp.$1;\r\n            }\r\n        })();\r\n    <\/script>\r\n\r\n    <style>\r\n\t.modal-backdrop.in {\r\n\t\tdisplay:none !important;\r\n\t}\r\n    .b-link-fade .b-wrapper, .b-link-fade .b-top-line{\r\n        background: rgba(49, 163, 221, 0.5);;\r\n    }\r\n    .b-link-flow .b-wrapper, .b-link-flow .b-top-line{\r\n        background: rgba(49, 163, 221, 0.5);;\r\n    }\r\n    .b-link-stroke .b-top-line{\r\n        background: rgba(49, 163, 221, 0.5);;\r\n    }\r\n    .b-link-stroke .b-bottom-line{\r\n        background: rgba(49, 163, 221, 0.5);;\r\n    }\r\n\r\n    .b-link-box .b-top-line{\r\n\r\n        border: 16px solid #31A3DD;\r\n    }\r\n    .b-link-box .b-bottom-line{\r\n        background: rgba(49, 163, 221, 0.5);;\r\n    }\r\n    .b-link-stripe .b-line{\r\n        background: rgba(49, 163, 221, 0.5);;\r\n    }\r\n    .b-link-apart-horisontal .b-top-line, .b-link-apart-horisontal .b-top-line-up{\r\n        background: rgba(49, 163, 221, 0.5);;\r\n    }\r\n    .b-link-apart-horisontal .b-bottom-line, .b-link-apart-horisontal .b-bottom-line-up{\r\n        background: rgba(49, 163, 221, 0.5);;\r\n    }\r\n    .b-link-apart-vertical .b-top-line, .b-link-apart-vertical .b-top-line-up{\r\n        background: rgba(49, 163, 221, 0.5);;\r\n    }\r\n    .b-link-apart-vertical .b-bottom-line, .b-link-apart-vertical .b-bottom-line-up{\r\n        background: rgba(49, 163, 221, 0.5);;\r\n    }\r\n    .b-link-diagonal .b-line{\r\n        background: rgba(49, 163, 221, 0.5);;\r\n    }\r\n\r\n    .b-wrapper{\r\n        font-family:Arial; \/\/ real name pass here\r\n    }\r\n    <\/style>\r\n\r\n        <div id=\"gallery1\" class=\"gal-container\">\r\n            <!--get the post id-->\r\n        \t\t<div id=\"gal-container-773\" style=\"display: block; overflow:hidden;\">\r\n\t\t\t\t\t\t<!-- gallery title-->\r\n\t\t\t<div class=\"rpg-gal-title\" >\r\n\t\t\t\tBASE EASY DIVE CANNES\t\t\t<\/div>\r\n\t\t\t\t\t\t<!-- gallery photos-->\r\n\t\t\t<div style=\"\">\r\n\t\t\t\t\t\t\t\t\t<div class=\"col-md-6 col-sm-6 wl-gallery\" >\r\n\t\t\t\t\t\t<div class=\"b-link-fade b-animate-go\">\r\n\t\t\t\t\t\t\t<img decoding=\"async\" src=\"http:\/\/easydive.fr\/Wordpress\/wp-content\/uploads\/2015\/04\/EASY-DIVE-CANNES-1.jpg\" alt=\"FACADE\" class=\"gall-img-responsive\">\r\n\t\t\t\t\t\t\t<div class=\"b-wrapper\">\r\n\t\t\t\t\t\t\t\t<h2 class=\"b-from-left b-animate b-delay03\">FACADE<\/h2>\r\n\t\t\t\t\t\t\t\t<p class=\"b-from-right b-animate b-delay03\">\r\n\t\t\t\t\t\t\t\t\t<a href=\"http:\/\/easydive.fr\/Wordpress\/wp-content\/uploads\/2015\/04\/EASY-DIVE-CANNES-1.jpg\" title=\"FACADE\">\r\n\t\t\t\t\t\t\t\t\t\t<i class=\"fa fa-picture-o fa-2x\"><\/i>\r\n\t\t\t\t\t\t\t\t\t<\/a>\r\n\t\t\t\t\t\t\t\t<\/p>\r\n\t\t\t\t\t\t\t<\/div>\r\n\t\t\t\t\t\t<\/div>\r\n\t\t\t\t\t<\/div>\r\n\r\n\t\t\t\t\t\t\t\t\t\t<div class=\"col-md-6 col-sm-6 wl-gallery\" >\r\n\t\t\t\t\t\t<div class=\"b-link-fade b-animate-go\">\r\n\t\t\t\t\t\t\t<img decoding=\"async\" src=\"http:\/\/easydive.fr\/Wordpress\/wp-content\/uploads\/2015\/04\/EASY-DIVE-CANNES-2.jpg\" alt=\"MAGASIN\" class=\"gall-img-responsive\">\r\n\t\t\t\t\t\t\t<div class=\"b-wrapper\">\r\n\t\t\t\t\t\t\t\t<h2 class=\"b-from-left b-animate b-delay03\">MAGASIN<\/h2>\r\n\t\t\t\t\t\t\t\t<p class=\"b-from-right b-animate b-delay03\">\r\n\t\t\t\t\t\t\t\t\t<a href=\"http:\/\/easydive.fr\/Wordpress\/wp-content\/uploads\/2015\/04\/EASY-DIVE-CANNES-2.jpg\" title=\"MAGASIN\">\r\n\t\t\t\t\t\t\t\t\t\t<i class=\"fa fa-picture-o fa-2x\"><\/i>\r\n\t\t\t\t\t\t\t\t\t<\/a>\r\n\t\t\t\t\t\t\t\t<\/p>\r\n\t\t\t\t\t\t\t<\/div>\r\n\t\t\t\t\t\t<\/div>\r\n\t\t\t\t\t<\/div>\r\n\r\n\t\t\t\t\t\t\t\t\t\t\t\t\t\t<div class=\"clearfix\"><\/div>\r\n\t\t\t\t\t\t\t\t\t\t\t\t\t\t<div class=\"col-md-6 col-sm-6 wl-gallery\" >\r\n\t\t\t\t\t\t<div class=\"b-link-fade b-animate-go\">\r\n\t\t\t\t\t\t\t<img decoding=\"async\" src=\"http:\/\/easydive.fr\/Wordpress\/wp-content\/uploads\/2015\/04\/EASY-DIVE-CANNES-3.jpg\" alt=\"ACCUEIL\" class=\"gall-img-responsive\">\r\n\t\t\t\t\t\t\t<div class=\"b-wrapper\">\r\n\t\t\t\t\t\t\t\t<h2 class=\"b-from-left b-animate b-delay03\">ACCUEIL<\/h2>\r\n\t\t\t\t\t\t\t\t<p class=\"b-from-right b-animate b-delay03\">\r\n\t\t\t\t\t\t\t\t\t<a href=\"http:\/\/easydive.fr\/Wordpress\/wp-content\/uploads\/2015\/04\/EASY-DIVE-CANNES-3.jpg\" title=\"ACCUEIL\">\r\n\t\t\t\t\t\t\t\t\t\t<i class=\"fa fa-picture-o fa-2x\"><\/i>\r\n\t\t\t\t\t\t\t\t\t<\/a>\r\n\t\t\t\t\t\t\t\t<\/p>\r\n\t\t\t\t\t\t\t<\/div>\r\n\t\t\t\t\t\t<\/div>\r\n\t\t\t\t\t<\/div>\r\n\r\n\t\t\t\t\t\t\t\t\t\t<div class=\"col-md-6 col-sm-6 wl-gallery\" >\r\n\t\t\t\t\t\t<div class=\"b-link-fade b-animate-go\">\r\n\t\t\t\t\t\t\t<img decoding=\"async\" src=\"http:\/\/easydive.fr\/Wordpress\/wp-content\/uploads\/2015\/04\/EASY-DIVE-CANNES-4.jpg\" alt=\"SALLE DE COURS\" class=\"gall-img-responsive\">\r\n\t\t\t\t\t\t\t<div class=\"b-wrapper\">\r\n\t\t\t\t\t\t\t\t<h2 class=\"b-from-left b-animate b-delay03\">SALLE DE COURS<\/h2>\r\n\t\t\t\t\t\t\t\t<p class=\"b-from-right b-animate b-delay03\">\r\n\t\t\t\t\t\t\t\t\t<a href=\"http:\/\/easydive.fr\/Wordpress\/wp-content\/uploads\/2015\/04\/EASY-DIVE-CANNES-4.jpg\" title=\"SALLE DE COURS\">\r\n\t\t\t\t\t\t\t\t\t\t<i class=\"fa fa-picture-o fa-2x\"><\/i>\r\n\t\t\t\t\t\t\t\t\t<\/a>\r\n\t\t\t\t\t\t\t\t<\/p>\r\n\t\t\t\t\t\t\t<\/div>\r\n\t\t\t\t\t\t<\/div>\r\n\t\t\t\t\t<\/div>\r\n\r\n\t\t\t\t\t\t\t\t\t\t\t\t\t\t<div class=\"clearfix\"><\/div>\r\n\t\t\t\t\t\t\t\t\t\t\t\t<\/div>\r\n\t\t<\/div>\r\n        <\/div>\r\n   \n<p dir=\"ltr\" style=\"color: #808080;\"><span style=\"color: #808080;\">\u00a0Vous trouverez sur place l&#8217;ensemble des \u00e9quipements n\u00e9cessaires \u00e0 l&#8217;activit\u00e9 :<\/span><\/p>\n<ul style=\"color: #808080;\">\n<li dir=\"ltr\">\n<p dir=\"ltr\"><span style=\"color: #808080;\">station de gonflage (1 compresseur Bauer 36m3 + 3 tampons + O2 pour\u00a0 Nitrox et He pour Trimix)<\/span><\/p>\n<\/li>\n<li dir=\"ltr\">\n<p dir=\"ltr\">20 \u00e9quipements Aqualung renouvel\u00e9s chaque ann\u00e9e (20 d\u00e9tendeurs, 40 blocs double robinetterie uniquement \u2013 12 et 15l ainsi que 7l et 10l pour les enfants)<\/p>\n    <script>\r\n        jQuery.browser = {};\r\n        (function () {\r\n            jQuery.browser.msie = false;\r\n            jQuery.browser.version = 0;\r\n            if (navigator.userAgent.match(\/MSIE ([0-9]+)\\.\/)) {\r\n                jQuery.browser.msie = true;\r\n                jQuery.browser.version = RegExp.$1;\r\n            }\r\n        })();\r\n    <\/script>\r\n\r\n    <style>\r\n\t.modal-backdrop.in {\r\n\t\tdisplay:none !important;\r\n\t}\r\n    .b-link-fade .b-wrapper, .b-link-fade .b-top-line{\r\n        background: rgba(49, 163, 221, 0.5);;\r\n    }\r\n    .b-link-flow .b-wrapper, .b-link-flow .b-top-line{\r\n        background: rgba(49, 163, 221, 0.5);;\r\n    }\r\n    .b-link-stroke .b-top-line{\r\n        background: rgba(49, 163, 221, 0.5);;\r\n    }\r\n    .b-link-stroke .b-bottom-line{\r\n        background: rgba(49, 163, 221, 0.5);;\r\n    }\r\n\r\n    .b-link-box .b-top-line{\r\n\r\n        border: 16px solid #31A3DD;\r\n    }\r\n    .b-link-box .b-bottom-line{\r\n        background: rgba(49, 163, 221, 0.5);;\r\n    }\r\n    .b-link-stripe .b-line{\r\n        background: rgba(49, 163, 221, 0.5);;\r\n    }\r\n    .b-link-apart-horisontal .b-top-line, .b-link-apart-horisontal .b-top-line-up{\r\n        background: rgba(49, 163, 221, 0.5);;\r\n    }\r\n    .b-link-apart-horisontal .b-bottom-line, .b-link-apart-horisontal .b-bottom-line-up{\r\n        background: rgba(49, 163, 221, 0.5);;\r\n    }\r\n    .b-link-apart-vertical .b-top-line, .b-link-apart-vertical .b-top-line-up{\r\n        background: rgba(49, 163, 221, 0.5);;\r\n    }\r\n    .b-link-apart-vertical .b-bottom-line, .b-link-apart-vertical .b-bottom-line-up{\r\n        background: rgba(49, 163, 221, 0.5);;\r\n    }\r\n    .b-link-diagonal .b-line{\r\n        background: rgba(49, 163, 221, 0.5);;\r\n    }\r\n\r\n    .b-wrapper{\r\n        font-family:Arial; \/\/ real name pass here\r\n    }\r\n    <\/style>\r\n\r\n        <div id=\"gallery1\" class=\"gal-container\">\r\n            <!--get the post id-->\r\n        \t\t<div id=\"gal-container-673\" style=\"display: block; overflow:hidden;\">\r\n\t\t\t\t\t\t<!-- gallery title-->\r\n\t\t\t<div class=\"rpg-gal-title\" >\r\n\t\t\t\tEQUIPEMENTS CENTRE DE PLONGEE\t\t\t<\/div>\r\n\t\t\t\t\t\t<!-- gallery photos-->\r\n\t\t\t<div style=\"\">\r\n\t\t\t\t\t\t\t\t\t<div class=\"col-md-6 col-sm-6 wl-gallery\" >\r\n\t\t\t\t\t\t<div class=\"b-link-fade b-animate-go\">\r\n\t\t\t\t\t\t\t<img decoding=\"async\" src=\"http:\/\/easydive.fr\/Wordpress\/wp-content\/uploads\/2015\/04\/EASY-DIVE-MATERIEL-1.jpg\" alt=\"MATERIEL LOCATION\" class=\"gall-img-responsive\">\r\n\t\t\t\t\t\t\t<div class=\"b-wrapper\">\r\n\t\t\t\t\t\t\t\t<h2 class=\"b-from-left b-animate b-delay03\">MATERIEL LOCATION<\/h2>\r\n\t\t\t\t\t\t\t\t<p class=\"b-from-right b-animate b-delay03\">\r\n\t\t\t\t\t\t\t\t\t<a href=\"http:\/\/easydive.fr\/Wordpress\/wp-content\/uploads\/2015\/04\/EASY-DIVE-MATERIEL-1.jpg\" title=\"MATERIEL LOCATION\">\r\n\t\t\t\t\t\t\t\t\t\t<i class=\"fa fa-picture-o fa-2x\"><\/i>\r\n\t\t\t\t\t\t\t\t\t<\/a>\r\n\t\t\t\t\t\t\t\t<\/p>\r\n\t\t\t\t\t\t\t<\/div>\r\n\t\t\t\t\t\t<\/div>\r\n\t\t\t\t\t<\/div>\r\n\r\n\t\t\t\t\t\t\t\t\t\t<div class=\"col-md-6 col-sm-6 wl-gallery\" >\r\n\t\t\t\t\t\t<div class=\"b-link-fade b-animate-go\">\r\n\t\t\t\t\t\t\t<img decoding=\"async\" src=\"http:\/\/easydive.fr\/Wordpress\/wp-content\/uploads\/2015\/04\/EASY-DIVE-MATERIEL-2.jpg\" alt=\"MATERIEL LOCATION\" class=\"gall-img-responsive\">\r\n\t\t\t\t\t\t\t<div class=\"b-wrapper\">\r\n\t\t\t\t\t\t\t\t<h2 class=\"b-from-left b-animate b-delay03\">MATERIEL LOCATION<\/h2>\r\n\t\t\t\t\t\t\t\t<p class=\"b-from-right b-animate b-delay03\">\r\n\t\t\t\t\t\t\t\t\t<a href=\"http:\/\/easydive.fr\/Wordpress\/wp-content\/uploads\/2015\/04\/EASY-DIVE-MATERIEL-2.jpg\" title=\"MATERIEL LOCATION\">\r\n\t\t\t\t\t\t\t\t\t\t<i class=\"fa fa-picture-o fa-2x\"><\/i>\r\n\t\t\t\t\t\t\t\t\t<\/a>\r\n\t\t\t\t\t\t\t\t<\/p>\r\n\t\t\t\t\t\t\t<\/div>\r\n\t\t\t\t\t\t<\/div>\r\n\t\t\t\t\t<\/div>\r\n\r\n\t\t\t\t\t\t\t\t\t\t\t\t\t\t<div class=\"clearfix\"><\/div>\r\n\t\t\t\t\t\t\t\t\t\t\t\t<\/div>\r\n\t\t<\/div>\r\n        <\/div>\r\n   \n<p dir=\"ltr\" style=\"color: #808080;\"><span style=\"color: #808080;\">L&#8217;embarquement des bateaux a lieu \u00e0 150 m\u00e8tres du local : le portage des affaires est donc consid\u00e9rablement r\u00e9duit. Un v\u00e9hicule assure le transport des blocs.<\/span><\/p>\n<p dir=\"ltr\" style=\"color: #808080;\"><span style=\"color: #808080;\">En saison, nous organisons jusqu&#8217;\u00e0 4 sorties par jour (9h, 14h, 18h et nuit), tous les jours. En hiver, des sorties sont pr\u00e9vues les WE, mais \u00e9galement en semaine sur demande.<\/span><\/p>\n<p dir=\"ltr\" style=\"color: #808080;\"><b><span style=\"font-size: medium;\"><span style=\"color: #808080;\">Toutes les plong\u00e9es sont sur r\u00e9servation uniquement. Vous pouvez vous inscrire directement au Port, au magasin, par t\u00e9l\u00e9phone (fixe: 04 93 43 40 42, portable: 06 74 57 05 91) ou encore par mail<\/span> (<a href=\"mailto:easydive@easydive.fr\">easydive@easydive.fr<\/a>).<\/span><\/b><\/p>\n<p><span style=\"color: #808080;\">\u00a0<\/span><\/p>\n    <script>\r\n        jQuery.browser = {};\r\n        (function () {\r\n            jQuery.browser.msie = false;\r\n            jQuery.browser.version = 0;\r\n            if (navigator.userAgent.match(\/MSIE ([0-9]+)\\.\/)) {\r\n                jQuery.browser.msie = true;\r\n                jQuery.browser.version = RegExp.$1;\r\n            }\r\n        })();\r\n    <\/script>\r\n\r\n    <style>\r\n\t.modal-backdrop.in {\r\n\t\tdisplay:none !important;\r\n\t}\r\n    .b-link-fade .b-wrapper, .b-link-fade .b-top-line{\r\n        background: rgba(49, 163, 221, 0.5);;\r\n    }\r\n    .b-link-flow .b-wrapper, .b-link-flow .b-top-line{\r\n        background: rgba(49, 163, 221, 0.5);;\r\n    }\r\n    .b-link-stroke .b-top-line{\r\n        background: rgba(49, 163, 221, 0.5);;\r\n    }\r\n    .b-link-stroke .b-bottom-line{\r\n        background: rgba(49, 163, 221, 0.5);;\r\n    }\r\n\r\n    .b-link-box .b-top-line{\r\n\r\n        border: 16px solid #31A3DD;\r\n    }\r\n    .b-link-box .b-bottom-line{\r\n        background: rgba(49, 163, 221, 0.5);;\r\n    }\r\n    .b-link-stripe .b-line{\r\n        background: rgba(49, 163, 221, 0.5);;\r\n    }\r\n    .b-link-apart-horisontal .b-top-line, .b-link-apart-horisontal .b-top-line-up{\r\n        background: rgba(49, 163, 221, 0.5);;\r\n    }\r\n    .b-link-apart-horisontal .b-bottom-line, .b-link-apart-horisontal .b-bottom-line-up{\r\n        background: rgba(49, 163, 221, 0.5);;\r\n    }\r\n    .b-link-apart-vertical .b-top-line, .b-link-apart-vertical .b-top-line-up{\r\n        background: rgba(49, 163, 221, 0.5);;\r\n    }\r\n    .b-link-apart-vertical .b-bottom-line, .b-link-apart-vertical .b-bottom-line-up{\r\n        background: rgba(49, 163, 221, 0.5);;\r\n    }\r\n    .b-link-diagonal .b-line{\r\n        background: rgba(49, 163, 221, 0.5);;\r\n    }\r\n\r\n    .b-wrapper{\r\n        font-family:Arial; \/\/ real name pass here\r\n    }\r\n    <\/style>\r\n\r\n        <div id=\"gallery1\" class=\"gal-container\">\r\n            <!--get the post id-->\r\n        \t\t<div id=\"gal-container-776\" style=\"display: block; overflow:hidden;\">\r\n\t\t\t\t\t\t<!-- gallery title-->\r\n\t\t\t<div class=\"rpg-gal-title\" >\r\n\t\t\t\tBATEAU EASY DIVE CANNES\t\t\t<\/div>\r\n\t\t\t\t\t\t<!-- gallery photos-->\r\n\t\t\t<div style=\"\">\r\n\t\t\t\t\t\t\t\t\t<div class=\"col-md-6 col-sm-6 wl-gallery\" >\r\n\t\t\t\t\t\t<div class=\"b-link-fade b-animate-go\">\r\n\t\t\t\t\t\t\t<img decoding=\"async\" src=\"http:\/\/easydive.fr\/Wordpress\/wp-content\/uploads\/2015\/04\/EASY-DIVE-SAPRISTI-1.jpg\" alt=\"SAPRISTI\" class=\"gall-img-responsive\">\r\n\t\t\t\t\t\t\t<div class=\"b-wrapper\">\r\n\t\t\t\t\t\t\t\t<h2 class=\"b-from-left b-animate b-delay03\">SAPRISTI<\/h2>\r\n\t\t\t\t\t\t\t\t<p class=\"b-from-right b-animate b-delay03\">\r\n\t\t\t\t\t\t\t\t\t<a href=\"http:\/\/easydive.fr\/Wordpress\/wp-content\/uploads\/2015\/04\/EASY-DIVE-SAPRISTI-1.jpg\" title=\"SAPRISTI\">\r\n\t\t\t\t\t\t\t\t\t\t<i class=\"fa fa-picture-o fa-2x\"><\/i>\r\n\t\t\t\t\t\t\t\t\t<\/a>\r\n\t\t\t\t\t\t\t\t<\/p>\r\n\t\t\t\t\t\t\t<\/div>\r\n\t\t\t\t\t\t<\/div>\r\n\t\t\t\t\t<\/div>\r\n\r\n\t\t\t\t\t\t\t\t\t\t<div class=\"col-md-6 col-sm-6 wl-gallery\" >\r\n\t\t\t\t\t\t<div class=\"b-link-fade b-animate-go\">\r\n\t\t\t\t\t\t\t<img decoding=\"async\" src=\"http:\/\/easydive.fr\/Wordpress\/wp-content\/uploads\/2015\/04\/EASY-DIVE-SAPRISTI-2.jpg\" alt=\"SAPRISTI\" class=\"gall-img-responsive\">\r\n\t\t\t\t\t\t\t<div class=\"b-wrapper\">\r\n\t\t\t\t\t\t\t\t<h2 class=\"b-from-left b-animate b-delay03\">SAPRISTI<\/h2>\r\n\t\t\t\t\t\t\t\t<p class=\"b-from-right b-animate b-delay03\">\r\n\t\t\t\t\t\t\t\t\t<a href=\"http:\/\/easydive.fr\/Wordpress\/wp-content\/uploads\/2015\/04\/EASY-DIVE-SAPRISTI-2.jpg\" title=\"SAPRISTI\">\r\n\t\t\t\t\t\t\t\t\t\t<i class=\"fa fa-picture-o fa-2x\"><\/i>\r\n\t\t\t\t\t\t\t\t\t<\/a>\r\n\t\t\t\t\t\t\t\t<\/p>\r\n\t\t\t\t\t\t\t<\/div>\r\n\t\t\t\t\t\t<\/div>\r\n\t\t\t\t\t<\/div>\r\n\r\n\t\t\t\t\t\t\t\t\t\t\t\t\t\t<div class=\"clearfix\"><\/div>\r\n\t\t\t\t\t\t\t\t\t\t\t\t<\/div>\r\n\t\t<\/div>\r\n        <\/div>\r\n   \n<p style=\"color: #808080; text-align: left;\" align=\"right\"><span style=\"font-size: small; color: #808080;\"><b>BATEAU: LE SAPRISTI<\/b><\/span><\/p>\n<p style=\"color: #808080;\"><span style=\"color: #808080;\">BWA\u00a0america de 7,5m\u00e8tres avec moteur in-bord Volvo Penta, plate-forme arri\u00e8re et grosse \u00e9chelle perroquet, facilitant les remont\u00e9es. Le bateau est totalement \u00e9quip\u00e9 pour la plong\u00e9e avec les avantages d\u2019un semi rigide, sans les inconv\u00e9nients (plate-forme arri\u00e8re pour les sorties d\u2019eau avec \u00e9chelle). Rapide, stable, et maniable, il est \u00e9quip\u00e9 d\u2019un sondeur GPS coupl\u00e9, VHF, t\u00e9l\u00e9phone, et tout le mat\u00e9riel de s\u00e9curit\u00e9 (O2, trousse\u00a0 secours, etc).<\/span><\/p>\n<hr \/>\n<p><strong><span style=\"color: #808080;\">LES HEBERGEMENTS A PROXIMITE DE LA BASE DE\u00a0CANNES<\/span><\/strong><\/p>\n<p><span style=\"color: #808080;\">Le centre de plong\u00e9e travaille en partenariat avec LES\u00a0JARDINS DE LA MER, qui accueille aussi bien individuels\u00a0que groupes.<\/span><br \/>\n<span style=\"color: #808080;\"> Pour tout\u00a0renseignement, consultez le site des Jardins de la Mer situ\u00e9s \u00e0 proximit\u00e9s des bases de Juan les Pins et Cannes :<\/span><br \/>\n<a href=\"http:\/\/www.lesjardinsdelamer-antibes.fr\" target=\"_blank\" rel=\"noopener noreferrer\">http:\/\/www.lesjardinsdelamer-antibes.fr<\/a><\/p>\n<p><span style=\"color: #808080;\">Vous pouvez aussi vous rendre sur le site CANNES HOTEL RESERVATION pour vos\u00a0recherches d&#8217;h\u00f4tels, r\u00e9sidences, locations :<br \/>\n<\/span><a href=\"http:\/\/www.cannes-hotel-reservation.fr\" target=\"_blank\" rel=\"noopener noreferrer\">http:\/\/www.cannes-hotel-reservation.fr<\/a><\/li>\n<\/ul>\n","protected":false},"excerpt":{"rendered":"<p>EASY DIVE CANNES &#8211; PALM BEACH La base plong\u00e9e est situ\u00e9e au Palm Beach, 2 rue Esprit Violet, Cannes Croisette EASY DIVE CANNES est un\u00a0centre partenaire Aqualung.\u00a0 Les centres partenaires Aqualung sont s\u00e9lectionn\u00e9s par la marque pour leur professionnalisme et la qualit\u00e9 de leurs prestations. Ils sont d\u00e9clin\u00e9s par cat\u00e9gorie et b\u00e9n\u00e9ficient du mat\u00e9riel Aqualung [&hellip;]<\/p>\n","protected":false},"author":1,"featured_media":0,"parent":0,"menu_order":0,"comment_status":"closed","ping_status":"open","template":"","meta":{"footnotes":""},"class_list":["post-14","page","type-page","status-publish","hentry"],"_links":{"self":[{"href":"https:\/\/easydive.fr\/index.php?rest_route=\/wp\/v2\/pages\/14","targetHints":{"allow":["GET"]}}],"collection":[{"href":"https:\/\/easydive.fr\/index.php?rest_route=\/wp\/v2\/pages"}],"about":[{"href":"https:\/\/easydive.fr\/index.php?rest_route=\/wp\/v2\/types\/page"}],"author":[{"embeddable":true,"href":"https:\/\/easydive.fr\/index.php?rest_route=\/wp\/v2\/users\/1"}],"replies":[{"embeddable":true,"href":"https:\/\/easydive.fr\/index.php?rest_route=%2Fwp%2Fv2%2Fcomments&post=14"}],"version-history":[{"count":53,"href":"https:\/\/easydive.fr\/index.php?rest_route=\/wp\/v2\/pages\/14\/revisions"}],"predecessor-version":[{"id":1948,"href":"https:\/\/easydive.fr\/index.php?rest_route=\/wp\/v2\/pages\/14\/revisions\/1948"}],"wp:attachment":[{"href":"https:\/\/easydive.fr\/index.php?rest_route=%2Fwp%2Fv2%2Fmedia&parent=14"}],"curies":[{"name":"wp","href":"https:\/\/api.w.org\/{rel}","templated":true}]}}