{"id":1247,"date":"2015-09-01T15:04:57","date_gmt":"2015-09-01T14:04:57","guid":{"rendered":"http:\/\/easydive.fr\/?page_id=1247"},"modified":"2016-01-23T16:11:19","modified_gmt":"2016-01-23T15:11:19","slug":"offre-yachts","status":"publish","type":"page","link":"https:\/\/easydive.fr\/?page_id=1247","title":{"rendered":"SERVICE YACHTS"},"content":{"rendered":"<p>Depuis 2005 EASY DIVE offre une gamme compl\u00e8te de services pour les yachts:<\/p>\n<p>&#8211; Vente de mat\u00e9riel<\/p>\n<ul>\n<li>Equipement plong\u00e9e et snorkeling complets<\/li>\n<li>Bouteilles acier et aluminium<\/li>\n<li>Compresseurs<\/li>\n<li>Reprise de l&#8217;ancien mat\u00e9riel<\/li>\n<\/ul>\n<p>&#8211; Entretien de l&#8217;\u00e9quipement<\/p>\n<ul>\n<li>D\u00e9tendeurs air et Nitrox (pi\u00e8ces d&#8217;origine uniquement, passage au banc d&#8217;essai et validation\u00a0de la norme EN250)<\/li>\n<li>Gilets avec inflateur ou air-trim, recherche de fuite<\/li>\n<li>Changement de batterie ordinateurs et montres<\/li>\n<li>Reprises et r\u00e9parations de combinaisons humides ou \u00e9tanches<\/li>\n<\/ul>\n<p>&#8211; Devis garanti en moins de 24h<\/p>\n<p>&#8211; Formation et recyclage des \u00e9quipages<\/p>\n<p>&#8211; Entretien des coques\u00a0et h\u00e9lices<\/p>\n<p>&#8211; <a href=\"http:\/\/easydive.fr\/vip\/\">Plong\u00e9e priv\u00e9e<\/a><\/p>\n    <script>\r\n        jQuery.browser = {};\r\n        (function () {\r\n            jQuery.browser.msie = false;\r\n            jQuery.browser.version = 0;\r\n            if (navigator.userAgent.match(\/MSIE ([0-9]+)\\.\/)) {\r\n                jQuery.browser.msie = true;\r\n                jQuery.browser.version = RegExp.$1;\r\n            }\r\n        })();\r\n    <\/script>\r\n\r\n    <style>\r\n\t.modal-backdrop.in {\r\n\t\tdisplay:none !important;\r\n\t}\r\n    .b-link-fade .b-wrapper, .b-link-fade .b-top-line{\r\n        background: rgba(49, 163, 221, 0.5);;\r\n    }\r\n    .b-link-flow .b-wrapper, .b-link-flow .b-top-line{\r\n        background: rgba(49, 163, 221, 0.5);;\r\n    }\r\n    .b-link-stroke .b-top-line{\r\n        background: rgba(49, 163, 221, 0.5);;\r\n    }\r\n    .b-link-stroke .b-bottom-line{\r\n        background: rgba(49, 163, 221, 0.5);;\r\n    }\r\n\r\n    .b-link-box .b-top-line{\r\n\r\n        border: 16px solid #31A3DD;\r\n    }\r\n    .b-link-box .b-bottom-line{\r\n        background: rgba(49, 163, 221, 0.5);;\r\n    }\r\n    .b-link-stripe .b-line{\r\n        background: rgba(49, 163, 221, 0.5);;\r\n    }\r\n    .b-link-apart-horisontal .b-top-line, .b-link-apart-horisontal .b-top-line-up{\r\n        background: rgba(49, 163, 221, 0.5);;\r\n    }\r\n    .b-link-apart-horisontal .b-bottom-line, .b-link-apart-horisontal .b-bottom-line-up{\r\n        background: rgba(49, 163, 221, 0.5);;\r\n    }\r\n    .b-link-apart-vertical .b-top-line, .b-link-apart-vertical .b-top-line-up{\r\n        background: rgba(49, 163, 221, 0.5);;\r\n    }\r\n    .b-link-apart-vertical .b-bottom-line, .b-link-apart-vertical .b-bottom-line-up{\r\n        background: rgba(49, 163, 221, 0.5);;\r\n    }\r\n    .b-link-diagonal .b-line{\r\n        background: rgba(49, 163, 221, 0.5);;\r\n    }\r\n\r\n    .b-wrapper{\r\n        font-family:Arial; \/\/ real name pass here\r\n    }\r\n    <\/style>\r\n\r\n        <div id=\"gallery1\" class=\"gal-container\">\r\n            <!--get the post id-->\r\n        \t\t<div id=\"gal-container-1251\" style=\"display: block; overflow:hidden;\">\r\n\t\t\t\t\t\t<!-- gallery title-->\r\n\t\t\t<div class=\"rpg-gal-title\" >\r\n\t\t\t\tSERVICE YACHTS\t\t\t<\/div>\r\n\t\t\t\t\t\t<!-- gallery photos-->\r\n\t\t\t<div style=\"\">\r\n\t\t\t\t\t\t\t\t\t<div class=\"col-md-6 col-sm-6 wl-gallery\" >\r\n\t\t\t\t\t\t<div class=\"b-link-fade b-animate-go\">\r\n\t\t\t\t\t\t\t<img decoding=\"async\" src=\"http:\/\/easydive.fr\/Wordpress\/wp-content\/uploads\/2015\/09\/PORT-GALLICE.jpg\" alt=\"PORT GALLICE\" class=\"gall-img-responsive\">\r\n\t\t\t\t\t\t\t<div class=\"b-wrapper\">\r\n\t\t\t\t\t\t\t\t<h2 class=\"b-from-left b-animate b-delay03\"><\/h2>\r\n\t\t\t\t\t\t\t\t<p class=\"b-from-right b-animate b-delay03\">\r\n\t\t\t\t\t\t\t\t\t<a href=\"http:\/\/easydive.fr\/Wordpress\/wp-content\/uploads\/2015\/09\/PORT-GALLICE.jpg\" title=\"\">\r\n\t\t\t\t\t\t\t\t\t\t<i class=\"fa fa-picture-o fa-2x\"><\/i>\r\n\t\t\t\t\t\t\t\t\t<\/a>\r\n\t\t\t\t\t\t\t\t<\/p>\r\n\t\t\t\t\t\t\t<\/div>\r\n\t\t\t\t\t\t<\/div>\r\n\t\t\t\t\t<\/div>\r\n\r\n\t\t\t\t\t\t\t\t\t\t<div class=\"col-md-6 col-sm-6 wl-gallery\" >\r\n\t\t\t\t\t\t<div class=\"b-link-fade b-animate-go\">\r\n\t\t\t\t\t\t\t<img decoding=\"async\" src=\"http:\/\/easydive.fr\/Wordpress\/wp-content\/uploads\/2015\/09\/BAUER-JUNIOR.jpg\" alt=\"BAUER JUNIOR\" class=\"gall-img-responsive\">\r\n\t\t\t\t\t\t\t<div class=\"b-wrapper\">\r\n\t\t\t\t\t\t\t\t<h2 class=\"b-from-left b-animate b-delay03\"><\/h2>\r\n\t\t\t\t\t\t\t\t<p class=\"b-from-right b-animate b-delay03\">\r\n\t\t\t\t\t\t\t\t\t<a href=\"http:\/\/easydive.fr\/Wordpress\/wp-content\/uploads\/2015\/09\/BAUER-JUNIOR.jpg\" title=\"\">\r\n\t\t\t\t\t\t\t\t\t\t<i class=\"fa fa-picture-o fa-2x\"><\/i>\r\n\t\t\t\t\t\t\t\t\t<\/a>\r\n\t\t\t\t\t\t\t\t<\/p>\r\n\t\t\t\t\t\t\t<\/div>\r\n\t\t\t\t\t\t<\/div>\r\n\t\t\t\t\t<\/div>\r\n\r\n\t\t\t\t\t\t\t\t\t\t\t\t\t\t<div class=\"clearfix\"><\/div>\r\n\t\t\t\t\t\t\t\t\t\t\t\t<\/div>\r\n\t\t<\/div>\r\n        <\/div>\r\n   \n","protected":false},"excerpt":{"rendered":"<p>Depuis 2005 EASY DIVE offre une gamme compl\u00e8te de services pour les yachts: &#8211; Vente de mat\u00e9riel Equipement plong\u00e9e et snorkeling complets Bouteilles acier et aluminium Compresseurs Reprise de l&#8217;ancien mat\u00e9riel &#8211; Entretien de l&#8217;\u00e9quipement D\u00e9tendeurs air et Nitrox (pi\u00e8ces d&#8217;origine uniquement, passage au banc d&#8217;essai et validation\u00a0de la norme EN250) Gilets avec inflateur ou [&hellip;]<\/p>\n","protected":false},"author":1,"featured_media":0,"parent":0,"menu_order":0,"comment_status":"closed","ping_status":"closed","template":"","meta":{"footnotes":""},"class_list":["post-1247","page","type-page","status-publish","hentry"],"_links":{"self":[{"href":"https:\/\/easydive.fr\/index.php?rest_route=\/wp\/v2\/pages\/1247","targetHints":{"allow":["GET"]}}],"collection":[{"href":"https:\/\/easydive.fr\/index.php?rest_route=\/wp\/v2\/pages"}],"about":[{"href":"https:\/\/easydive.fr\/index.php?rest_route=\/wp\/v2\/types\/page"}],"author":[{"embeddable":true,"href":"https:\/\/easydive.fr\/index.php?rest_route=\/wp\/v2\/users\/1"}],"replies":[{"embeddable":true,"href":"https:\/\/easydive.fr\/index.php?rest_route=%2Fwp%2Fv2%2Fcomments&post=1247"}],"version-history":[{"count":6,"href":"https:\/\/easydive.fr\/index.php?rest_route=\/wp\/v2\/pages\/1247\/revisions"}],"predecessor-version":[{"id":1368,"href":"https:\/\/easydive.fr\/index.php?rest_route=\/wp\/v2\/pages\/1247\/revisions\/1368"}],"wp:attachment":[{"href":"https:\/\/easydive.fr\/index.php?rest_route=%2Fwp%2Fv2%2Fmedia&parent=1247"}],"curies":[{"name":"wp","href":"https:\/\/api.w.org\/{rel}","templated":true}]}}