{"id":1233,"date":"2015-09-01T13:51:54","date_gmt":"2015-09-01T12:51:54","guid":{"rendered":"http:\/\/easydive.fr\/?page_id=1233"},"modified":"2016-01-23T16:00:42","modified_gmt":"2016-01-23T15:00:42","slug":"vip","status":"publish","type":"page","link":"https:\/\/easydive.fr\/?page_id=1233","title":{"rendered":"VIP"},"content":{"rendered":"<p>Nous avons 15 ans d&#8217;exp\u00e9rience dans l&#8217;organisation de plong\u00e9es priv\u00e9es:<\/p>\n<p>&#8211; sorties individuelles ou en groupe, sur votre bateau ou le n\u00f4tre<\/p>\n<p>&#8211; cours priv\u00e9s dans votre piscine<\/p>\n<p>&#8211; horaires \u00e0 la carte<\/p>\n<p>&#8211; choix du site (en fonction des contraintes m\u00e9t\u00e9o)<\/p>\n<p>&#8211; \u00e9v\u00e8nements sp\u00e9ciaux (enterrement de vie de gar\u00e7on\/jeune fille, mariage, &#8230;)<\/p>\n<p>Nous vous accueillons sur notre base de Juan les Pins ou de Cannes, ou bien pouvons venir vous chercher \u00e0 votre h\u00f4tel ou \u00e0 votre domicile (si ponton) ou encore sur votre bateau.<\/p>\n<p>Les sorties VIP sont possibles toute l&#8217;ann\u00e9e, 7j\/7. Nous nous adaptons \u00e0 votre horaire et l&#8217;organisation qui vous convient le mieux.<\/p>\n<p>Le tarifs est de 600\u20ac sur une base d&#8217;un bateau priv\u00e9 avec un moniteur Brevet d&#8217;Etat et un pilote. Chaque moniteur suppl\u00e9mentaire sera\u00a0factur\u00e9 150\u20ac.<\/p>\n<p>&nbsp;<\/p>\n    <script>\r\n        jQuery.browser = {};\r\n        (function () {\r\n            jQuery.browser.msie = false;\r\n            jQuery.browser.version = 0;\r\n            if (navigator.userAgent.match(\/MSIE ([0-9]+)\\.\/)) {\r\n                jQuery.browser.msie = true;\r\n                jQuery.browser.version = RegExp.$1;\r\n            }\r\n        })();\r\n    <\/script>\r\n\r\n    <style>\r\n\t.modal-backdrop.in {\r\n\t\tdisplay:none !important;\r\n\t}\r\n    .b-link-fade .b-wrapper, .b-link-fade .b-top-line{\r\n        background: rgba(49, 163, 221, 0.5);;\r\n    }\r\n    .b-link-flow .b-wrapper, .b-link-flow .b-top-line{\r\n        background: rgba(49, 163, 221, 0.5);;\r\n    }\r\n    .b-link-stroke .b-top-line{\r\n        background: rgba(49, 163, 221, 0.5);;\r\n    }\r\n    .b-link-stroke .b-bottom-line{\r\n        background: rgba(49, 163, 221, 0.5);;\r\n    }\r\n\r\n    .b-link-box .b-top-line{\r\n\r\n        border: 16px solid #31A3DD;\r\n    }\r\n    .b-link-box .b-bottom-line{\r\n        background: rgba(49, 163, 221, 0.5);;\r\n    }\r\n    .b-link-stripe .b-line{\r\n        background: rgba(49, 163, 221, 0.5);;\r\n    }\r\n    .b-link-apart-horisontal .b-top-line, .b-link-apart-horisontal .b-top-line-up{\r\n        background: rgba(49, 163, 221, 0.5);;\r\n    }\r\n    .b-link-apart-horisontal .b-bottom-line, .b-link-apart-horisontal .b-bottom-line-up{\r\n        background: rgba(49, 163, 221, 0.5);;\r\n    }\r\n    .b-link-apart-vertical .b-top-line, .b-link-apart-vertical .b-top-line-up{\r\n        background: rgba(49, 163, 221, 0.5);;\r\n    }\r\n    .b-link-apart-vertical .b-bottom-line, .b-link-apart-vertical .b-bottom-line-up{\r\n        background: rgba(49, 163, 221, 0.5);;\r\n    }\r\n    .b-link-diagonal .b-line{\r\n        background: rgba(49, 163, 221, 0.5);;\r\n    }\r\n\r\n    .b-wrapper{\r\n        font-family:Arial; \/\/ real name pass here\r\n    }\r\n    <\/style>\r\n\r\n        <div id=\"gallery1\" class=\"gal-container\">\r\n            <!--get the post id-->\r\n        \t\t<div id=\"gal-container-1239\" style=\"display: block; overflow:hidden;\">\r\n\t\t\t\t\t\t<!-- gallery title-->\r\n\t\t\t<div class=\"rpg-gal-title\" >\r\n\t\t\t\tPLONGEE VIP\t\t\t<\/div>\r\n\t\t\t\t\t\t<!-- gallery photos-->\r\n\t\t\t<div style=\"\">\r\n\t\t\t\t\t\t\t\t\t<div class=\"col-md-6 col-sm-6 wl-gallery\" >\r\n\t\t\t\t\t\t<div class=\"b-link-fade b-animate-go\">\r\n\t\t\t\t\t\t\t<img decoding=\"async\" src=\"http:\/\/easydive.fr\/Wordpress\/wp-content\/uploads\/2015\/09\/DSC_0676.jpg\" alt=\"PLONGEE VIP\" class=\"gall-img-responsive\">\r\n\t\t\t\t\t\t\t<div class=\"b-wrapper\">\r\n\t\t\t\t\t\t\t\t<h2 class=\"b-from-left b-animate b-delay03\"><\/h2>\r\n\t\t\t\t\t\t\t\t<p class=\"b-from-right b-animate b-delay03\">\r\n\t\t\t\t\t\t\t\t\t<a href=\"http:\/\/easydive.fr\/Wordpress\/wp-content\/uploads\/2015\/09\/DSC_0676.jpg\" title=\"\">\r\n\t\t\t\t\t\t\t\t\t\t<i class=\"fa fa-picture-o fa-2x\"><\/i>\r\n\t\t\t\t\t\t\t\t\t<\/a>\r\n\t\t\t\t\t\t\t\t<\/p>\r\n\t\t\t\t\t\t\t<\/div>\r\n\t\t\t\t\t\t<\/div>\r\n\t\t\t\t\t<\/div>\r\n\r\n\t\t\t\t\t\t\t\t\t\t<div class=\"col-md-6 col-sm-6 wl-gallery\" >\r\n\t\t\t\t\t\t<div class=\"b-link-fade b-animate-go\">\r\n\t\t\t\t\t\t\t<img decoding=\"async\" src=\"http:\/\/easydive.fr\/Wordpress\/wp-content\/uploads\/2015\/09\/PLONGEE-VIP-2.jpg\" alt=\"PLONGEE VIP 2\" class=\"gall-img-responsive\">\r\n\t\t\t\t\t\t\t<div class=\"b-wrapper\">\r\n\t\t\t\t\t\t\t\t<h2 class=\"b-from-left b-animate b-delay03\"><\/h2>\r\n\t\t\t\t\t\t\t\t<p class=\"b-from-right b-animate b-delay03\">\r\n\t\t\t\t\t\t\t\t\t<a href=\"http:\/\/easydive.fr\/Wordpress\/wp-content\/uploads\/2015\/09\/PLONGEE-VIP-2.jpg\" title=\"\">\r\n\t\t\t\t\t\t\t\t\t\t<i class=\"fa fa-picture-o fa-2x\"><\/i>\r\n\t\t\t\t\t\t\t\t\t<\/a>\r\n\t\t\t\t\t\t\t\t<\/p>\r\n\t\t\t\t\t\t\t<\/div>\r\n\t\t\t\t\t\t<\/div>\r\n\t\t\t\t\t<\/div>\r\n\r\n\t\t\t\t\t\t\t\t\t\t\t\t\t\t<div class=\"clearfix\"><\/div>\r\n\t\t\t\t\t\t\t\t\t\t\t\t<\/div>\r\n\t\t<\/div>\r\n        <\/div>\r\n   \n","protected":false},"excerpt":{"rendered":"<p>Nous avons 15 ans d&#8217;exp\u00e9rience dans l&#8217;organisation de plong\u00e9es priv\u00e9es: &#8211; sorties individuelles ou en groupe, sur votre bateau ou le n\u00f4tre &#8211; cours priv\u00e9s dans votre piscine &#8211; horaires \u00e0 la carte &#8211; choix du site (en fonction des contraintes m\u00e9t\u00e9o) &#8211; \u00e9v\u00e8nements sp\u00e9ciaux (enterrement de vie de gar\u00e7on\/jeune fille, mariage, &#8230;) Nous vous [&hellip;]<\/p>\n","protected":false},"author":1,"featured_media":0,"parent":0,"menu_order":0,"comment_status":"closed","ping_status":"closed","template":"","meta":{"footnotes":""},"class_list":["post-1233","page","type-page","status-publish","hentry"],"_links":{"self":[{"href":"https:\/\/easydive.fr\/index.php?rest_route=\/wp\/v2\/pages\/1233","targetHints":{"allow":["GET"]}}],"collection":[{"href":"https:\/\/easydive.fr\/index.php?rest_route=\/wp\/v2\/pages"}],"about":[{"href":"https:\/\/easydive.fr\/index.php?rest_route=\/wp\/v2\/types\/page"}],"author":[{"embeddable":true,"href":"https:\/\/easydive.fr\/index.php?rest_route=\/wp\/v2\/users\/1"}],"replies":[{"embeddable":true,"href":"https:\/\/easydive.fr\/index.php?rest_route=%2Fwp%2Fv2%2Fcomments&post=1233"}],"version-history":[{"count":4,"href":"https:\/\/easydive.fr\/index.php?rest_route=\/wp\/v2\/pages\/1233\/revisions"}],"predecessor-version":[{"id":1366,"href":"https:\/\/easydive.fr\/index.php?rest_route=\/wp\/v2\/pages\/1233\/revisions\/1366"}],"wp:attachment":[{"href":"https:\/\/easydive.fr\/index.php?rest_route=%2Fwp%2Fv2%2Fmedia&parent=1233"}],"curies":[{"name":"wp","href":"https:\/\/api.w.org\/{rel}","templated":true}]}}