{"id":122,"date":"2015-04-05T15:11:11","date_gmt":"2015-04-05T15:11:11","guid":{"rendered":"http:\/\/easydive.fr\/Blog\/?page_id=122"},"modified":"2024-08-06T10:50:30","modified_gmt":"2024-08-06T09:50:30","slug":"revisions","status":"publish","type":"page","link":"https:\/\/easydive.fr\/?page_id=122","title":{"rendered":"REVISION"},"content":{"rendered":"<h3 style=\"text-align: left;\">TARIFS REVISION<\/h3>\n<table width=\"722\">\n<tbody>\n<tr>\n<td colspan=\"2\" width=\"722\"><strong>R\u00e9visions annuelles<\/strong><\/td>\n<\/tr>\n<tr>\n<td width=\"618\">D\u00e9tendeur &#8211; 1er \u00e9tage non compens\u00e9<\/td>\n<td style=\"text-align: right;\" width=\"104\">35,00\u20ac<\/td>\n<\/tr>\n<tr>\n<td width=\"618\">D\u00e9tendeur &#8211; 1er \u00e9tage compens\u00e9<\/td>\n<td style=\"text-align: right;\" width=\"104\">45,00\u20ac<\/td>\n<\/tr>\n<tr>\n<td width=\"618\">D\u00e9tendeur &#8211; 2\u00e8me \u00e9tage non compens\u00e9<\/td>\n<td style=\"text-align: right;\" width=\"104\">35,00\u20ac<\/td>\n<\/tr>\n<tr>\n<td width=\"618\">D\u00e9tendeur &#8211; 2\u00e8me \u00e9tage compens\u00e9<\/td>\n<td style=\"text-align: right;\" width=\"104\">45,00\u20ac<\/td>\n<\/tr>\n<tr>\n<td width=\"618\">Stab &#8211; Direct System + contr\u00f4le purges gilet<\/td>\n<td style=\"text-align: right;\" width=\"104\">50,00\u20ac<\/td>\n<\/tr>\n<tr>\n<td width=\"618\">Bloc &#8211; inspection r\u00e9vision robinet 1 sortie<\/td>\n<td style=\"text-align: right;\" width=\"104\">40,00\u20ac<\/td>\n<\/tr>\n<tr>\n<td width=\"618\">Bloc &#8211; inspection r\u00e9vision robinet 2 sorties<\/td>\n<td style=\"text-align: right;\" width=\"104\">60,00\u20ac<\/td>\n<\/tr>\n<tr>\n<td width=\"618\">Bloc &#8211; inspection visuelle + macaron TIV<\/td>\n<td style=\"text-align: right;\" width=\"104\">30,00\u20ac<\/td>\n<\/tr>\n<tr>\n<td width=\"618\">Bloc &#8211; requalification p\u00e9riodique seule<\/td>\n<td style=\"text-align: right;\" width=\"104\">60,00\u20ac<\/td>\n<\/tr>\n<tr>\n<td width=\"618\">Bloc &#8211; requalification p\u00e9riodique + traitement int\u00e9rieur<\/td>\n<td style=\"text-align: right;\" width=\"104\">80,00\u20ac<\/td>\n<\/tr>\n<\/tbody>\n<\/table>\n<p>Une navette pour les requalifications part chaque mercredi matin pour un retour le mercredi suivant.<\/p>\n","protected":false},"excerpt":{"rendered":"<p>TARIFS REVISION R\u00e9visions annuelles D\u00e9tendeur &#8211; 1er \u00e9tage non compens\u00e9 35,00\u20ac D\u00e9tendeur &#8211; 1er \u00e9tage compens\u00e9 45,00\u20ac D\u00e9tendeur &#8211; 2\u00e8me \u00e9tage non compens\u00e9 35,00\u20ac D\u00e9tendeur &#8211; 2\u00e8me \u00e9tage compens\u00e9 45,00\u20ac Stab &#8211; Direct System + contr\u00f4le purges gilet 50,00\u20ac Bloc &#8211; inspection r\u00e9vision robinet 1 sortie 40,00\u20ac Bloc &#8211; inspection r\u00e9vision robinet 2 sorties 60,00\u20ac [&hellip;]<\/p>\n","protected":false},"author":1,"featured_media":0,"parent":0,"menu_order":0,"comment_status":"closed","ping_status":"open","template":"","meta":{"footnotes":""},"class_list":["post-122","page","type-page","status-publish","hentry"],"_links":{"self":[{"href":"https:\/\/easydive.fr\/index.php?rest_route=\/wp\/v2\/pages\/122","targetHints":{"allow":["GET"]}}],"collection":[{"href":"https:\/\/easydive.fr\/index.php?rest_route=\/wp\/v2\/pages"}],"about":[{"href":"https:\/\/easydive.fr\/index.php?rest_route=\/wp\/v2\/types\/page"}],"author":[{"embeddable":true,"href":"https:\/\/easydive.fr\/index.php?rest_route=\/wp\/v2\/users\/1"}],"replies":[{"embeddable":true,"href":"https:\/\/easydive.fr\/index.php?rest_route=%2Fwp%2Fv2%2Fcomments&post=122"}],"version-history":[{"count":11,"href":"https:\/\/easydive.fr\/index.php?rest_route=\/wp\/v2\/pages\/122\/revisions"}],"predecessor-version":[{"id":2327,"href":"https:\/\/easydive.fr\/index.php?rest_route=\/wp\/v2\/pages\/122\/revisions\/2327"}],"wp:attachment":[{"href":"https:\/\/easydive.fr\/index.php?rest_route=%2Fwp%2Fv2%2Fmedia&parent=122"}],"curies":[{"name":"wp","href":"https:\/\/api.w.org\/{rel}","templated":true}]}}