{"id":119,"date":"2015-04-05T15:11:03","date_gmt":"2015-04-05T15:11:03","guid":{"rendered":"http:\/\/easydive.fr\/Blog\/?page_id=119"},"modified":"2026-02-12T11:30:15","modified_gmt":"2026-02-12T10:30:15","slug":"groupes","status":"publish","type":"page","link":"https:\/\/easydive.fr\/?page_id=119","title":{"rendered":"GROUPE \/ CE"},"content":{"rendered":"\n<figure class=\"wp-block-table is-style-stripes\"><table><tbody><tr><td><strong>Initiation (adulte ou enfant \u00e0 partir de 8 ans)<\/strong><\/td><\/tr><tr><td>Bapt\u00eame bateau<\/td><td>70,00 \u20ac<\/td><\/tr><tr><td><strong>Explorations (adulte ou enfant \u00e0 partir de 8 ans)<\/strong><\/td><\/tr><tr><td>Plong\u00e9e autonome + location de bloc<\/td><td>35,00 \u20ac<\/td><\/tr><tr><td>Plong\u00e9e autonome + location de mat\u00e9riel complet<\/td><td>45,00 \u20ac<\/td><\/tr><tr><td>Plong\u00e9e encadr\u00e9e + location de bloc<\/td><td>55,00 \u20ac<\/td><\/tr><tr><td>Plong\u00e9e encadr\u00e9e + location de mat\u00e9riel complet<\/td><td>65,00 \u20ac<\/td><\/tr><tr><td>Suppl\u00e9ment plong\u00e9e technique &lt; 20m<\/td><td>10,00 \u20ac<\/td><\/tr><tr><td>Suppl\u00e9ment plong\u00e9e technique &gt; 20m<\/td><td>15,00 \u20ac<\/td><\/tr><tr><td>Suppl\u00e9ment plong\u00e9e encadr\u00e9e \u00e0 60m<\/td><td>20,00 \u20ac<\/td><\/tr><tr><td>Suppl\u00e9ment sites particuliers (Ar\u00e9nas,&#8230;)<\/td><td>15,00 \u20ac<\/td><\/tr><tr><td>Suppl\u00e9ment plong\u00e9e de nuit (lampe incluse si besoin)<\/td><td>15,00 \u20ac<\/td><\/tr><tr><td>Suppl\u00e9ment Nitrox<\/td><td>10,00 \u20ac<\/td><\/tr><tr><td>Location ordinateur<\/td><td>10,00 \u20ac<\/td><\/tr><tr><td><strong>Accueil de clubs<\/strong><\/td><\/tr><tr><td>Tarifs bloc inclus en fonction du nombre de plongeurs et des besoins en encadrement &#8211; \u00e0 partir de :<\/td><td>28,00 \u20ac<\/td><\/tr><tr><td><strong>Stages FFESSM \/ CMAS (\u00e9quipement inclus, licence en sus)<\/strong><\/td><\/tr><tr><td>Nos stages et formations s&#8217;organisent en pleine mer. L&#8217;utilisation d&#8217;un bateau est indispensable afin de d\u00e9velopper l&#8217;exp\u00e9rience du plongeur. Ceci vous permettra aussi de d\u00e9couvrir la richesse des fonds marins.<\/td><\/tr><tr><td>Licence FFESSM<\/td><td>45,00 \u20ac<\/td><\/tr><tr><td>PE12<\/td><td>225,00 \u20ac<\/td><\/tr><tr><td>Niveau 1 &#8211; PE 20 ou formation enfant (5 plong\u00e9es)<\/td><td>360,00 \u20ac<\/td><\/tr><tr><td>Niveau 2 &#8211; PA 20 \/ PE 40 (10 plong\u00e9es) location ordinateur 50\u20ac en sus<\/td><td>630,00 \u20ac<\/td><\/tr><tr><td>Niveau 3 &#8211; PA 60 (10 plong\u00e9es)<\/td><td>720,00 \u20ac<\/td><\/tr><tr><td>Niveau 4 (stage complet 2 semaines avec 15 \u00e0 18 plong\u00e9es + cours th\u00e9oriques) avec examen<\/td><td>1080,00 \u20ac<\/td><\/tr><tr><td>Niveau 4 (stage partiel 1 semaine avec 6 \u00e0 8 plong\u00e9es + rappels th\u00e9oriques) avec examen<\/td><td>630,00 \u20ac<\/td><\/tr><tr><td>PA40 (8 plong\u00e9es)<\/td><td>540,00 \u20ac<\/td><\/tr><tr><td>PE40 (4 plong\u00e9es)<\/td><td>270,00 \u20ac<\/td><\/tr><tr><td>Nitrox \u00e9l\u00e9mentaire (2 plong\u00e9es)<\/td><td>180,00 \u20ac<\/td><\/tr><tr><td>Nitrox confirm\u00e9 (3 plong\u00e9es)<\/td><td>270,00 \u20ac<\/td><\/tr><tr><td>&nbsp;RIFAP (r\u00e9action intervention face accident plong\u00e9e)<\/td><td>135,00 \u20ac<\/td><\/tr><tr><td><strong>Formations PADI (\u00e9quipement inclus, frais de certification PADI inclus)<\/strong><\/td><\/tr><tr><td>Scuba Diver (4 plong\u00e9es)<\/td><td>320,00 \u20ac<\/td><\/tr><tr><td>Open Water Diver (7 plong\u00e9es) :<\/td><td>500,00 \u20ac<\/td><\/tr><tr><td>Sp\u00e9cialit\u00e9s<\/td><td>nous consulter<\/td><\/tr><tr><td>Advanced Open Water Diver (5 plong\u00e9es) :<\/td><td>360,00 \u20ac<\/td><\/tr><tr><td>Rescue Diver (5 plong\u00e9es) :<\/td><td>360,00 \u20ac<\/td><\/tr><tr><td>Divemaster (8 plong\u00e9es, hors cotisation, kit de 200\u20ac en sus):<\/td><td>900,00 \u20ac<\/td><\/tr><tr><td>Manuel P\u00e9dagogique Divemaster Obligatoire<\/td><td>300,00 \u20ac<\/td><\/tr><tr><td>&nbsp;EFR (Kit p\u00e9dagogique 100\u20ac)<\/td><td>&nbsp;130,00\u20ac<\/td><\/tr><tr><td><strong>Packages PADI\/CMAS (\u00e9quipement inclus, licence en sus)<\/strong><\/td><\/tr><tr><td>Niveau 1 + Open Water Diver (7 plong\u00e9es)<\/td><td>590,00 \u20ac<\/td><\/tr><tr><td>Niveau 2 + Advanced Open Water (10 plong\u00e9es)<\/td><td>700,00 \u20ac<\/td><\/tr><tr><td>Niveau 3 + Rescue Diver (10 plong\u00e9es)<\/td><td>800,00 \u20ac<\/td><\/tr><tr><td>Niveau 4 (12 plong\u00e9es) + Dive Master (4 plong\u00e9es)<\/td><td>1&nbsp;300,00 \u20ac<\/td><\/tr><\/tbody><\/table><\/figure>\n\n\n\n<p class=\"has-text-align-left\"><span style=\"color: #808080;\">Tarif groupe applicable \u00e0 partir de 10 personnes. Comit\u00e9s d&#8217;entreprise et clubs nous contacter.<\/span><\/p>\n","protected":false},"excerpt":{"rendered":"<p>Initiation (adulte ou enfant \u00e0 partir de 8 ans) Bapt\u00eame bateau 70,00 \u20ac Explorations (adulte ou enfant \u00e0 partir de 8 ans) Plong\u00e9e autonome + location de bloc 35,00 \u20ac Plong\u00e9e autonome + location de mat\u00e9riel complet 45,00 \u20ac Plong\u00e9e encadr\u00e9e + location de bloc 55,00 \u20ac Plong\u00e9e encadr\u00e9e + location de mat\u00e9riel complet 65,00 [&hellip;]<\/p>\n","protected":false},"author":1,"featured_media":0,"parent":0,"menu_order":0,"comment_status":"closed","ping_status":"open","template":"","meta":{"footnotes":""},"class_list":["post-119","page","type-page","status-publish","hentry"],"_links":{"self":[{"href":"https:\/\/easydive.fr\/index.php?rest_route=\/wp\/v2\/pages\/119","targetHints":{"allow":["GET"]}}],"collection":[{"href":"https:\/\/easydive.fr\/index.php?rest_route=\/wp\/v2\/pages"}],"about":[{"href":"https:\/\/easydive.fr\/index.php?rest_route=\/wp\/v2\/types\/page"}],"author":[{"embeddable":true,"href":"https:\/\/easydive.fr\/index.php?rest_route=\/wp\/v2\/users\/1"}],"replies":[{"embeddable":true,"href":"https:\/\/easydive.fr\/index.php?rest_route=%2Fwp%2Fv2%2Fcomments&post=119"}],"version-history":[{"count":37,"href":"https:\/\/easydive.fr\/index.php?rest_route=\/wp\/v2\/pages\/119\/revisions"}],"predecessor-version":[{"id":2440,"href":"https:\/\/easydive.fr\/index.php?rest_route=\/wp\/v2\/pages\/119\/revisions\/2440"}],"wp:attachment":[{"href":"https:\/\/easydive.fr\/index.php?rest_route=%2Fwp%2Fv2%2Fmedia&parent=119"}],"curies":[{"name":"wp","href":"https:\/\/api.w.org\/{rel}","templated":true}]}}